{"id":529,"date":"2024-01-30T17:25:29","date_gmt":"2024-01-30T17:25:29","guid":{"rendered":"https:\/\/objects.deindustrialization.org\/about-2\/"},"modified":"2024-05-26T19:09:43","modified_gmt":"2024-05-26T19:09:43","slug":"about-2","status":"publish","type":"page","link":"https:\/\/objects.deindustrialization.org\/de\/","title":{"rendered":"zum Projekt"},"content":{"rendered":"\r\n<div class=\"wp-block-group\"><div class=\"wp-block-group__inner-container is-layout-constrained wp-block-group-is-layout-constrained\">\r\n<div class=\"wp-block-columns is-layout-flex wp-container-core-columns-is-layout-9d6595d7 wp-block-columns-is-layout-flex\">\r\n<div class=\"wp-block-column is-vertically-aligned-top is-layout-flow wp-block-column-is-layout-flow\" style=\"flex-basis: 100%;\">\r\n<div class=\"wp-block-columns is-layout-flex wp-container-core-columns-is-layout-9d6595d7 wp-block-columns-is-layout-flex\">\r\n<div class=\"wp-block-column is-layout-flow wp-block-column-is-layout-flow\">\r\n<p><strong>&#8222;Geschichte des Deindustrialisierungs durch das Objekt&#8220; ist eine online Datenbank entwickelt von DePOT. Es sammelt Objekte, die die Effekte des Deindustrialisierungs aufweisen.<\/strong><\/p>\r\n\r\n\r\n\r\n<p>Der Begriff der Deindustrialisierung wird verwendet, um Ver\u00e4nderungen zu beschreiben, die entstehen, wenn sich die Industriekapazit\u00e4ten eines Landes oder einer Region oder die Art der Arbeit, die den Menschen zur Verf\u00fcgung steht, markant wandelt. Manchmal verschwindet die Arbeit ganz, wie wenn eine Mine schlie\u00dft. Manchmal wird der Arbeitsaufwand reduziert, wie zum Beispiel, wenn eine Fabrik die Produktion sinkt. Manchmal \u00e4ndert sich die Arbeit, z. B. wenn neue Technologien eingef\u00fchrt werden. Die Deindustrialisierung f\u00fchrt zu Ver\u00e4nderungen, die wirtschaftlich, kulturell, sozial oder alles zugleich sind.<\/p>\r\n\r\n\r\n\r\n<p>Auf der Datenbank k\u00f6nnt Ihr Bilder, Videoaufzeichnungen, und Beschreibungen finden und von etwas erfahren. Jeder kann ein Objekt hochladen zum Datenbank. Ihr f\u00fcllt ein Formular aus, wo ihr ein Objekt teilen auf DePOT k\u00f6nnt. Im Formular, m\u00fcssen Sie wichtige Informationen dar\u00fcber schreiben, wo Ihr Objekt kam und wie es benutzt wurde. Ihr k\u00f6nnt auch Stichworte, die in Verbindung stehen mit den Themen des DePOTs, zum Beispiel, Bilder, Videoaufzeichnungen, und Oralgeschichten.<\/p>\r\n\r\n\r\n\r\n<p>Die Datenbank kann f\u00fcr Forschungen, Kunstprojekte, Stundenpl\u00e4ne und viele andere Projekte benutzt werden. Ihr k\u00f6nnt euch andere Objekte Titel und Beschreibungen geben, daf\u00fcr k\u00f6nnt Ihr eine Sammlung von Ihr Interesse und Bed\u00fcrfnissen machen.<\/p>\r\n\r\n\r\n\r\n<p>Diese Website wurde vom Konservierungsausschuss des <a href=\"https:\/\/deindustrialization.org\/about-us\/\" target=\"_blank\" rel=\"noreferrer noopener\">DePOT-Projekts (Deindustrialization and the Politics of Our Time)<\/a> erstellt. Die Website wurde von Mat3rial gestaltet.<\/p>\r\n<\/div>\r\n\r\n\r\n\r\n<div class=\"wp-block-column is-vertically-aligned-top is-layout-flow wp-block-column-is-layout-flow\">\r\n<figure class=\"wp-block-image size-full\"><img decoding=\"async\" class=\"wp-image-15\" src=\"https:\/\/objects.deindustrialization.org\/wp-content\/uploads\/2022\/10\/logo.png\" alt=\"\" \/><\/figure>\r\n<\/div>\r\n<\/div>\r\n<\/div>\r\n<\/div>\r\n<\/div><\/div>\r\n","protected":false},"excerpt":{"rendered":"<p>&#8222;Geschichte des Deindustrialisierungs durch das Objekt&#8220; ist eine online Datenbank entwickelt von DePOT. Es sammelt Objekte, die die Effekte des Deindustrialisierungs aufweisen. Der Begriff der Deindustrialisierung wird verwendet, um Ver\u00e4nderungen zu beschreiben, die entstehen, wenn sich die Industriekapazit\u00e4ten eines Landes oder einer Region oder die Art der Arbeit, die den Menschen zur Verf\u00fcgung steht, markant&hellip;&nbsp;<a href=\"https:\/\/objects.deindustrialization.org\/de\/\" class=\"\" rel=\"bookmark\">Weiterlesen &raquo;<span class=\"screen-reader-text\">zum Projekt<\/span><\/a><\/p>\n","protected":false},"author":1,"featured_media":0,"parent":0,"menu_order":0,"comment_status":"closed","ping_status":"closed","template":"","meta":{"neve_meta_sidebar":"","neve_meta_container":"","neve_meta_enable_content_width":"off","neve_meta_content_width":100,"neve_meta_title_alignment":"","neve_meta_author_avatar":"","neve_post_elements_order":"","neve_meta_disable_header":"","neve_meta_disable_footer":"","neve_meta_disable_title":"","footnotes":""},"class_list":["post-529","page","type-page","status-publish","hentry"],"acf":[],"_links":{"self":[{"href":"https:\/\/objects.deindustrialization.org\/de\/wp-json\/wp\/v2\/pages\/529","targetHints":{"allow":["GET"]}}],"collection":[{"href":"https:\/\/objects.deindustrialization.org\/de\/wp-json\/wp\/v2\/pages"}],"about":[{"href":"https:\/\/objects.deindustrialization.org\/de\/wp-json\/wp\/v2\/types\/page"}],"author":[{"embeddable":true,"href":"https:\/\/objects.deindustrialization.org\/de\/wp-json\/wp\/v2\/users\/1"}],"replies":[{"embeddable":true,"href":"https:\/\/objects.deindustrialization.org\/de\/wp-json\/wp\/v2\/comments?post=529"}],"version-history":[{"count":8,"href":"https:\/\/objects.deindustrialization.org\/de\/wp-json\/wp\/v2\/pages\/529\/revisions"}],"predecessor-version":[{"id":676,"href":"https:\/\/objects.deindustrialization.org\/de\/wp-json\/wp\/v2\/pages\/529\/revisions\/676"}],"wp:attachment":[{"href":"https:\/\/objects.deindustrialization.org\/de\/wp-json\/wp\/v2\/media?parent=529"}],"curies":[{"name":"wp","href":"https:\/\/api.w.org\/{rel}","templated":true}]}}