{"id":638,"date":"2022-11-01T19:34:36","date_gmt":"2022-11-01T19:34:36","guid":{"rendered":"https:\/\/objects.deindustrialization.org\/contribute\/"},"modified":"2024-05-06T19:21:38","modified_gmt":"2024-05-06T19:21:38","slug":"contribute","status":"publish","type":"page","link":"https:\/\/objects.deindustrialization.org\/de\/contribute\/","title":{"rendered":"Geschichten der Deindustrialisierung durch Objekte. Einreichungsformular"},"content":{"rendered":"\r\n<p>&nbsp;<\/p>\r\n<div class=\"frm_forms  with_frm_style frm_style_formidable-style\" id=\"frm_form_2_container\" data-token=\"5e1da45d8828b18d45b91834c460b001\">\n<form enctype=\"multipart\/form-data\" method=\"post\" class=\"frm-show-form  frm_pro_form \" id=\"form_objectcontribution\" data-token=\"5e1da45d8828b18d45b91834c460b001\">\n<div class=\"frm_form_fields \">\n<fieldset>\n<legend class=\"frm_screen_reader\">Object Contribution<\/legend>\r\n\r\n<div class=\"frm_fields_container\">\n<input type=\"hidden\" name=\"frm_action\" value=\"create\" \/>\n<input type=\"hidden\" name=\"form_id\" value=\"2\" \/>\n<input type=\"hidden\" name=\"frm_hide_fields_2\" id=\"frm_hide_fields_2\" value=\"\" \/>\n<input type=\"hidden\" name=\"form_key\" value=\"objectcontribution\" \/>\n<input type=\"hidden\" name=\"item_meta[0]\" value=\"\" \/>\n<input type=\"hidden\" id=\"frm_submit_entry_2\" name=\"frm_submit_entry_2\" value=\"a317e6a1a9\" \/><input type=\"hidden\" name=\"_wp_http_referer\" value=\"\/de\/wp-json\/wp\/v2\/pages\/638\" \/><div id=\"frm_field_7_container\" class=\"frm_form_field form-field  frm_required_field frm_top_container frm12 frm_first\">\r\n    <label for=\"field_mlul0\" id=\"field_mlul0_label\" class=\"frm_primary_label\">Name\r\n        <span class=\"frm_required\" aria-hidden=\"true\">*<\/span>\r\n    <\/label>\r\n    <input type=\"text\" id=\"field_mlul0\" name=\"item_meta[7]\" value=\"\"  data-reqmsg=\"Name cannot be blank.\" aria-required=\"true\" data-invmsg=\"Text is invalid\" aria-invalid=\"false\"   aria-describedby=\"frm_desc_field_mlul0\"\/>\r\n    <div class=\"frm_description\" id=\"frm_desc_field_mlul0\">Wie hei\u00dft Ihr Objekt? Wenn es keinen Namen hat, k\u00f6nnen Sie einen selbst ausw\u00e4hlen.<\/div>\r\n    \r\n<\/div>\n<div id=\"frm_field_11_container\" class=\"frm_form_field form-field  frm_top_container\">\r\n    <label for=\"field_kg6vm\" id=\"field_kg6vm_label\" class=\"frm_primary_label\">Erz\u00e4hlen Sie uns von diesem Objekt\r\n        <span class=\"frm_required\" aria-hidden=\"true\"><\/span>\r\n    <\/label>\r\n    <textarea name=\"item_meta[11]\" id=\"field_kg6vm\" rows=\"6\"  data-invmsg=\"Erz\u00e4hlen Sie uns von diesem Objekt ist ung\u00fcltig\" aria-invalid=\"false\"   aria-describedby=\"frm_desc_field_kg6vm\"><\/textarea>\r\n    <div class=\"frm_description\" id=\"frm_desc_field_kg6vm\">Weshalb ist dieses Objekt wichtig f\u00fcr Sie? Wof\u00fcr wird dieses Objekt verwendet? Was m\u00f6chten Sie \u00fcber das Objekt erz\u00e4hlen?<\/div>\r\n    \r\n<\/div>\n<div id=\"frm_field_9_container\" class=\"frm_form_field form-field  frm_top_container frm12  frm6 frm_first vertical_radio\">\r\n    <div  id=\"field_ukf9j_label\" class=\"frm_primary_label\">Woher stammt dieses Objekt? \r\n        <span class=\"frm_required\" aria-hidden=\"true\"><\/span>\r\n    <\/div>\r\n    <div class=\"frm_opt_container\" aria-labelledby=\"field_ukf9j_label\" role=\"group\">\t\t<div class=\"frm_catlevel_1\">\t\t<div class=\"frm_checkbox\" id=\"frm_checkbox_9-237\">\n\t\t\t<label for=\"field_9-237\"><input type=\"checkbox\" name=\"item_meta[9][]\" id=\"field_9-237\" value=\"237\"  data-invmsg=\"Woher stammt dieses Objekt?  ist ung\u00fcltig\" aria-invalid=\"false\"   \/>Afrika<\/label>\n<\/div><\/div>\n\t\t<div class=\"frm_catlevel_1\">\t\t<div class=\"frm_checkbox\" id=\"frm_checkbox_9-238\">\n\t\t\t<label for=\"field_9-238\"><input type=\"checkbox\" name=\"item_meta[9][]\" id=\"field_9-238\" value=\"238\"  data-invmsg=\"Woher stammt dieses Objekt?  ist ung\u00fcltig\" aria-invalid=\"false\"   \/>Asien<\/label>\n<\/div><\/div>\n\t\t<div class=\"frm_catlevel_1\">\t\t<div class=\"frm_checkbox\" id=\"frm_checkbox_9-240\">\n\t\t\t<label for=\"field_9-240\"><input type=\"checkbox\" name=\"item_meta[9][]\" id=\"field_9-240\" value=\"240\"  data-invmsg=\"Woher stammt dieses Objekt?  ist ung\u00fcltig\" aria-invalid=\"false\"   \/>Europa<\/label>\n<\/div><\/div>\n\t\t<div class=\"frm_catlevel_1\">\t\t<div class=\"frm_checkbox\" id=\"frm_checkbox_9-203\">\n\t\t\t<label for=\"field_9-203\"><input type=\"checkbox\" name=\"item_meta[9][]\" id=\"field_9-203\" value=\"203\"  data-invmsg=\"Woher stammt dieses Objekt?  ist ung\u00fcltig\" aria-invalid=\"false\"   \/>Nordamerika<\/label>\n<\/div><\/div>\n\t\t<div class=\"frm_catlevel_1\">\t\t<div class=\"frm_checkbox\" id=\"frm_checkbox_9-241\">\n\t\t\t<label for=\"field_9-241\"><input type=\"checkbox\" name=\"item_meta[9][]\" id=\"field_9-241\" value=\"241\"  data-invmsg=\"Woher stammt dieses Objekt?  ist ung\u00fcltig\" aria-invalid=\"false\"   \/>Ozeanien<\/label>\n<\/div><\/div>\n\t\t<div class=\"frm_catlevel_1\">\t\t<div class=\"frm_checkbox\" id=\"frm_checkbox_9-243\">\n\t\t\t<label for=\"field_9-243\"><input type=\"checkbox\" name=\"item_meta[9][]\" id=\"field_9-243\" value=\"243\"  data-invmsg=\"Woher stammt dieses Objekt?  ist ung\u00fcltig\" aria-invalid=\"false\"   \/>Sonstige<\/label>\n<\/div><\/div>\n\t\t<div class=\"frm_catlevel_1\">\t\t<div class=\"frm_checkbox\" id=\"frm_checkbox_9-242\">\n\t\t\t<label for=\"field_9-242\"><input type=\"checkbox\" name=\"item_meta[9][]\" id=\"field_9-242\" value=\"242\"  data-invmsg=\"Woher stammt dieses Objekt?  ist ung\u00fcltig\" aria-invalid=\"false\"   \/>S\u00fcdamerika<\/label>\n<\/div><\/div>\n\t\t<div class=\"frm_catlevel_1\">\t\t<div class=\"frm_checkbox\" id=\"frm_checkbox_9-239\">\n\t\t\t<label for=\"field_9-239\"><input type=\"checkbox\" name=\"item_meta[9][]\" id=\"field_9-239\" value=\"239\"  data-invmsg=\"Woher stammt dieses Objekt?  ist ung\u00fcltig\" aria-invalid=\"false\"   \/>Zentralamerika<\/label>\n<\/div><\/div>\n<\/div>\r\n    \r\n    \r\n<\/div>\n<div id=\"frm_field_12_container\" class=\"frm_form_field form-field  frm_top_container frm_half\">\r\n    <label for=\"field_54yos\" id=\"field_54yos_label\" class=\"frm_primary_label\">Optional: Wenn Sie spezifischer sein m\u00f6chten, schreiben Sie Ihre Antwort hier rein:\r\n        <span class=\"frm_required\" aria-hidden=\"true\"><\/span>\r\n    <\/label>\r\n    <input type=\"text\" id=\"field_54yos\" name=\"item_meta[12]\" value=\"\"  data-invmsg=\"Text is invalid\" aria-invalid=\"false\"  \/>\r\n    \r\n    \r\n<\/div>\n<div id=\"frm_field_8_container\" class=\"frm_form_field form-field  frm_top_container frm6 frm_first vertical_radio\">\r\n    <div  id=\"field_q7ml4_label\" class=\"frm_primary_label\">Industrieller Kontext \r\n        <span class=\"frm_required\" aria-hidden=\"true\"><\/span>\r\n    <\/div>\r\n    <div class=\"frm_opt_container\" aria-labelledby=\"field_q7ml4_label\" role=\"group\">\t\t<div class=\"frm_catlevel_1\">\t\t<div class=\"frm_checkbox\" id=\"frm_checkbox_8-175\">\n\t\t\t<label for=\"field_8-175\"><input type=\"checkbox\" name=\"item_meta[8][]\" id=\"field_8-175\" value=\"175\"  data-invmsg=\"Industrieller Kontext  ist ung\u00fcltig\" aria-invalid=\"false\"   \/>Autoindustrie und Transport<\/label>\n<\/div><\/div>\n\t\t<div class=\"frm_catlevel_1\">\t\t<div class=\"frm_checkbox\" id=\"frm_checkbox_8-177\">\n\t\t\t<label for=\"field_8-177\"><input type=\"checkbox\" name=\"item_meta[8][]\" id=\"field_8-177\" value=\"177\"  data-invmsg=\"Industrieller Kontext  ist ung\u00fcltig\" aria-invalid=\"false\"   \/>Bauindustrie<\/label>\n<\/div><\/div>\n\t\t<div class=\"frm_catlevel_1\">\t\t<div class=\"frm_checkbox\" id=\"frm_checkbox_8-183\">\n\t\t\t<label for=\"field_8-183\"><input type=\"checkbox\" name=\"item_meta[8][]\" id=\"field_8-183\" value=\"183\"  data-invmsg=\"Industrieller Kontext  ist ung\u00fcltig\" aria-invalid=\"false\"   \/>Bergbau<\/label>\n<\/div><\/div>\n\t\t<div class=\"frm_catlevel_1\">\t\t<div class=\"frm_checkbox\" id=\"frm_checkbox_8-176\">\n\t\t\t<label for=\"field_8-176\"><input type=\"checkbox\" name=\"item_meta[8][]\" id=\"field_8-176\" value=\"176\"  data-invmsg=\"Industrieller Kontext  ist ung\u00fcltig\" aria-invalid=\"false\"   \/>Chemische Industrie<\/label>\n<\/div><\/div>\n\t\t<div class=\"frm_catlevel_1\">\t\t<div class=\"frm_checkbox\" id=\"frm_checkbox_8-181\">\n\t\t\t<label for=\"field_8-181\"><input type=\"checkbox\" name=\"item_meta[8][]\" id=\"field_8-181\" value=\"181\"  data-invmsg=\"Industrieller Kontext  ist ung\u00fcltig\" aria-invalid=\"false\"   \/>Eisen- und Stahlbearbeitung<\/label>\n<\/div><\/div>\n\t\t<div class=\"frm_catlevel_1\">\t\t<div class=\"frm_checkbox\" id=\"frm_checkbox_8-178\">\n\t\t\t<label for=\"field_8-178\"><input type=\"checkbox\" name=\"item_meta[8][]\" id=\"field_8-178\" value=\"178\"  data-invmsg=\"Industrieller Kontext  ist ung\u00fcltig\" aria-invalid=\"false\"   \/>Energie, \u00d6l und Gas<\/label>\n<\/div><\/div>\n\t\t<div class=\"frm_catlevel_1\">\t\t<div class=\"frm_checkbox\" id=\"frm_checkbox_8-179\">\n\t\t\t<label for=\"field_8-179\"><input type=\"checkbox\" name=\"item_meta[8][]\" id=\"field_8-179\" value=\"179\"  data-invmsg=\"Industrieller Kontext  ist ung\u00fcltig\" aria-invalid=\"false\"   \/>Fischerei<\/label>\n<\/div><\/div>\n\t\t<div class=\"frm_catlevel_1\">\t\t<div class=\"frm_checkbox\" id=\"frm_checkbox_8-180\">\n\t\t\t<label for=\"field_8-180\"><input type=\"checkbox\" name=\"item_meta[8][]\" id=\"field_8-180\" value=\"180\"  data-invmsg=\"Industrieller Kontext  ist ung\u00fcltig\" aria-invalid=\"false\"   \/>Forstwirtschaft<\/label>\n<\/div><\/div>\n\t\t<div class=\"frm_catlevel_1\">\t\t<div class=\"frm_checkbox\" id=\"frm_checkbox_8-174\">\n\t\t\t<label for=\"field_8-174\"><input type=\"checkbox\" name=\"item_meta[8][]\" id=\"field_8-174\" value=\"174\"  data-invmsg=\"Industrieller Kontext  ist ung\u00fcltig\" aria-invalid=\"false\"   \/>Landwirtschaft und Lebensmittelproduktion (z. B. Konservenindustrie)<\/label>\n<\/div><\/div>\n\t\t<div class=\"frm_catlevel_1\">\t\t<div class=\"frm_checkbox\" id=\"frm_checkbox_8-187\">\n\t\t\t<label for=\"field_8-187\"><input type=\"checkbox\" name=\"item_meta[8][]\" id=\"field_8-187\" value=\"187\"  data-invmsg=\"Industrieller Kontext  ist ung\u00fcltig\" aria-invalid=\"false\"   \/>Nicht mit einem Industriezweig verbunden<\/label>\n<\/div><\/div>\n\t\t<div class=\"frm_catlevel_1\">\t\t<div class=\"frm_checkbox\" id=\"frm_checkbox_8-185\">\n\t\t\t<label for=\"field_8-185\"><input type=\"checkbox\" name=\"item_meta[8][]\" id=\"field_8-185\" value=\"185\"  data-invmsg=\"Industrieller Kontext  ist ung\u00fcltig\" aria-invalid=\"false\"   \/>Schiffbau<\/label>\n<\/div><\/div>\n\t\t<div class=\"frm_catlevel_1\">\t\t<div class=\"frm_checkbox\" id=\"frm_checkbox_8-184\">\n\t\t\t<label for=\"field_8-184\"><input type=\"checkbox\" name=\"item_meta[8][]\" id=\"field_8-184\" value=\"184\"  data-invmsg=\"Industrieller Kontext  ist ung\u00fcltig\" aria-invalid=\"false\"   \/>Service - und Einzelhandel<\/label>\n<\/div><\/div>\n\t\t<div class=\"frm_catlevel_1\">\t\t<div class=\"frm_checkbox\" id=\"frm_checkbox_8-186\">\n\t\t\t<label for=\"field_8-186\"><input type=\"checkbox\" name=\"item_meta[8][]\" id=\"field_8-186\" value=\"186\"  data-invmsg=\"Industrieller Kontext  ist ung\u00fcltig\" aria-invalid=\"false\"   \/>Textilindustrie<\/label>\n<\/div><\/div>\n\t\t<div class=\"frm_catlevel_1\">\t\t<div class=\"frm_checkbox\" id=\"frm_checkbox_8-182\">\n\t\t\t<label for=\"field_8-182\"><input type=\"checkbox\" name=\"item_meta[8][]\" id=\"field_8-182\" value=\"182\"  data-invmsg=\"Industrieller Kontext  ist ung\u00fcltig\" aria-invalid=\"false\"   \/>verarbeitende Industrie<\/label>\n<\/div><\/div>\n<\/div>\r\n    \r\n    \r\n<\/div>\n<div id=\"frm_field_14_container\" class=\"frm_form_field form-field  frm_top_container frm12  frm6\">\r\n    <label for=\"field_bvmub\" id=\"field_bvmub_label\" class=\"frm_primary_label\">Sonstige\r\n        <span class=\"frm_required\" aria-hidden=\"true\"><\/span>\r\n    <\/label>\r\n    <input type=\"text\" id=\"field_bvmub\" name=\"item_meta[14]\" value=\"\"  data-invmsg=\"Text is invalid\" aria-invalid=\"false\"  \/>\r\n    \r\n    \r\n<\/div>\n<div id=\"frm_field_24_container\" class=\"frm_form_field form-field  frm_top_container\">\r\n    <label for=\"field_b9f7g\" id=\"field_b9f7g_label\" class=\"frm_primary_label\">Schl\u00fcsselw\u00f6rter\r\n        <span class=\"frm_required\" aria-hidden=\"true\"><\/span>\r\n    <\/label>\r\n    <input type=\"text\" id=\"field_b9f7g\" name=\"item_meta[24]\" value=\"\"  data-invmsg=\"Schl\u00fcsselw\u00f6rter ist ung\u00fcltig\" aria-invalid=\"false\"   aria-describedby=\"frm_desc_field_b9f7g\"\/>\r\n    <div class=\"frm_description\" id=\"frm_desc_field_b9f7g\">F\u00fcgen Sie einige W\u00f6rter hinzu, wie Hashtags, um uns all das mitzuteilen, was Sie in den anderen Fragen nicht kommunizieren konnten (Sie k\u00f6nnten beispielsweise ein Symbol beschreiben, das w\u00e4hrend eines Protestes in einem stillgelegten Kohlebergwerk verwendet wurde und folgende Schl\u00fcsselw\u00f6rter verwenden: Streik, Protest, Bochum, Deutschland, Bergbau, Kohle, Zeche Constantin, Papier\u2026)<\/div>\r\n    \r\n<\/div>\n<div id=\"frm_field_18_container\" class=\"frm_form_field form-field  frm_top_container\">\r\n    <label for=\"field_5t4pr\" id=\"field_5t4pr_label\" class=\"frm_primary_label\">Wem geh\u00f6rt dieses Objekt? Geh\u00f6rt es zu einer Sammlung in einem Museums, geh\u00f6rt es Ihnen, jemandem, den Sie kennen...?\r\n        <span class=\"frm_required\" aria-hidden=\"true\"><\/span>\r\n    <\/label>\r\n    <textarea name=\"item_meta[18]\" id=\"field_5t4pr\" rows=\"5\"  data-invmsg=\"Paragraph is invalid\" aria-invalid=\"false\"   aria-describedby=\"frm_desc_field_5t4pr\"><\/textarea>\r\n    <div class=\"frm_description\" id=\"frm_desc_field_5t4pr\">Wenn das Objekt zur Sammlung eines Museums geh\u00f6rt, halten Sie hier fest zu welcher oder f\u00fcgen Sie den Link hier ein.<\/div>\r\n    \r\n<\/div>\n<div id=\"frm_field_19_container\" class=\"frm_form_field form-field  frm_top_container\">\r\n    <label for=\"field_sg0s8\" id=\"field_sg0s8_label\" class=\"frm_primary_label\">Bild-Upload \r\n        <span class=\"frm_required\" aria-hidden=\"true\"><\/span>\r\n    <\/label>\r\n    <input type=\"hidden\"  data-invmsg=\"File Upload is invalid\" aria-invalid=\"false\"   name=\"item_meta[19][]\"  value=\"\" data-frmfile=\"19\" \/>\n\n<div class=\"frm_dropzone frm_multi_upload frm_clearfix\" id=\"file19_dropzone\" role=\"group\" >\n\t<div class=\"fallback\">\n\t\t<input type=\"file\" name=\"file19[]\" id=\"field_sg0s8\"\n\t\t\t data-frmfile=\"19\" multiple=\"multiple\"  data-invmsg=\"File Upload is invalid\" aria-invalid=\"false\"  \t\t\t\/>\n\t\t\t\t<div class=\"frm_clearfix \"><\/div>\n\t<\/div>\n\t<div class=\"dz-message needsclick\">\n\t\t\t\t<svg  viewBox=\"0 0 18 18\" class=\"frmsvg frm-svg-icon\">\n\t<path viewBox=\"0 0 18 18\" fill-rule=\"evenodd\" clip-rule=\"evenodd\" d=\"M8.2 4v8a.8.8 0 001.5 0V4l2.1 2.2A.7.7 0 1013 5L9.5 1.7a.7.7 0 00-1.1 0L5.1 5.2a.8.8 0 001 1l2.1-2zm7.6 4.3c.4 0 .7.3.7.7v6.8c0 .4-.3.7-.8.7H2.3a.8.8 0 01-.8-.8V9A.8.8 0 013 9v6h12V9c0-.4.3-.8.8-.8z\"><\/path>\n<\/svg>\t\t<span class=\"frm_upload_text\"><button type=\"button\" aria-label=\"Bild-Upload . Drop a file here or click to upload. Maximale Dateigr\u00f6\u00dfe: 516MB\">Drop a file here or click to upload<\/button><\/span>\n\t\t<span class=\"frm_compact_text\"><button type=\"button\" aria-label=\"Bild-Upload . Choose File. Maximale Dateigr\u00f6\u00dfe: 516MB\">Choose File<\/button><\/span>\n\t\t<div class=\"frm_small_text\">\n\t\t\t<p>Maximale Dateigr\u00f6\u00dfe: 516MB<\/p>\n\t\t<\/div>\n\t<\/div>\n<\/div>\n\t\r\n    \r\n    \r\n<\/div>\n<div id=\"frm_field_23_container\" class=\"frm_form_field form-field  frm_top_container\">\r\n    <label for=\"field_cfty8\" id=\"field_cfty8_label\" class=\"frm_primary_label\">Zus\u00e4tzliches Material\r\n        <span class=\"frm_required\" aria-hidden=\"true\"><\/span>\r\n    <\/label>\r\n    <textarea name=\"item_meta[23]\" id=\"field_cfty8\" rows=\"5\"  data-invmsg=\"Paragraph is invalid\" aria-invalid=\"false\"   aria-describedby=\"frm_desc_field_cfty8\"><\/textarea>\r\n    <div class=\"frm_description\" id=\"frm_desc_field_cfty8\">Haben Sie zus\u00e4tzliches Material, das Sie \u00fcber die Geschichte Ihres Objekts teilen m\u00f6chten? (Z. B. YouTube-Videos, Links zu Websites, Bildergalerien, Katalogeintr\u00e4ge, Oral-History Material...)<\/div>\r\n    \r\n<\/div>\n<div id=\"frm_field_29_container\" class=\"frm_form_field frm_section_heading form-field  frm12 frm_first\">\r\n<h3 class=\"frm_pos_top frm_section_spacing\">Informationen und Einwilligungen des Beitragenden <\/h3>\r\n\r\n\r\n<div id=\"frm_field_27_container\" class=\"frm_form_field form-field  frm_top_container frm6 frm_first\">\r\n\t<label for=\"field_5suui\" id=\"field_5suui_label\" class=\"frm_primary_label\">Namen\r\n\t\t<span class=\"frm_required\" aria-hidden=\"true\"><\/span>\r\n\t<\/label>\r\n\t<input type=\"text\" id=\"field_5suui\" name=\"item_meta[27]\" value=\"\"  data-sectionid=\"29\" data-invmsg=\"Namen is invalid\" aria-invalid=\"false\"   aria-describedby=\"frm_desc_field_5suui\"\/>\r\n\t<div class=\"frm_description\" id=\"frm_desc_field_5suui\">Welchen Namen soll auf der Seite des Objekts auf der Website angezeigt werden? Sie k\u00f6nnen Ihren Namen, Ihre Initialen oder ein Pseudonym verwenden oder es leer lassen.<\/div>\r\n\t\r\n<\/div>\n<div id=\"frm_field_28_container\" class=\"frm_form_field form-field  frm_top_container frm6\">\r\n\t<label for=\"field_wfh3s\" id=\"field_wfh3s_label\" class=\"frm_primary_label\">E-Mail-Adresse \r\n\t\t<span class=\"frm_required\" aria-hidden=\"true\"><\/span>\r\n\t<\/label>\r\n\t<input type=\"text\" id=\"field_wfh3s\" name=\"item_meta[28]\" value=\"\"  data-invmsg=\"E-Mail-Adresse  is invalid\" aria-invalid=\"false\"   aria-describedby=\"frm_desc_field_wfh3s\"\/>\r\n\t<div class=\"frm_description\" id=\"frm_desc_field_wfh3s\">Welche E-Mail-Adresse kann Depot verwenden, um Sie zu erreichen, wenn wir Fragen zu Ihrer Einreichung haben? Ihre E-Mail-Adresse wird nicht ver\u00f6ffentlicht. <\/div>\r\n\t\r\n<\/div>\n<div id=\"frm_field_33_container\" class=\"frm_form_field  frm_html_container form-field\"><strong>Durch das Senden Ihres Objekts stimmen Sie folgenden Punkten zu:<\/strong><\/p>\n<ul>\n<li>Sie besitzen das Urheberrecht an dem Foto, das Sie hochladen und es werden keine Urheberrechtsbeschr\u00e4nkungen verletzt.<\/li>\n<li>Sie behalten das Urheberrecht f\u00fcr Bilder bei; DePOT hat keine ausschlie\u00dflichen Rechte an den eingereichten Fotos.<\/li>\n<li>Wenn andere Personen auf dem Foto erscheinen, sind Sie daf\u00fcr verantwortlich, sicherzustellen, dass das Foto nicht ihre Rechte auf Privatsph\u00e4re und \u00d6ffentlichkeit verletzt. Das bedeutet, dass Sie die Zustimmung aller Personen auf dem Foto erhalten haben, es einzureichen. <\/li>\n<li>Sie erkl\u00e4ren sich damit einverstanden, dass Benutzer:innen der Website das von Ihnen eingereichte Objekt zusammen mit den Informationen im Objektformular im Rahmen von Bildungs- und Forschungsaktivit\u00e4ten verwenden d\u00fcrfen. <\/li>\n<li>Sie erkl\u00e4ren sich damit einverstanden, dass sich die Mitarbeiter von DePOT bei Fragen zu Ihrer Einreichung an Sie wenden k\u00f6nnen. <\/li>\n<li>Ihre E-Mail-Adresse wird nicht weitergegeben oder f\u00fcr andere Zwecke verwendet.<\/li>\n<\/div>\n<div id=\"frm_field_32_container\" class=\"frm_form_field form-field  frm_top_container vertical_radio\">\r\n\t<div  id=\"field_a8lle_label\" class=\"frm_primary_label\">\r\n\t\t<span class=\"frm_required\" aria-hidden=\"true\"><\/span>\r\n\t<\/div>\r\n\t<div class=\"frm_opt_container\" aria-labelledby=\"field_a8lle_label\" role=\"group\">\t\t<div class=\"frm_checkbox\" id=\"frm_checkbox_32-29-0\">\t\t\t<label  for=\"field_a8lle-0\">\n\t\t\t<input type=\"checkbox\" name=\"item_meta[32][]\" id=\"field_a8lle-0\" value=\"I agree\"  data-sectionid=\"29\" data-invmsg=\"Dieses Feld ist ung\u00fcltig\" aria-invalid=\"false\"   \/> Ich stimme zu <\/label><\/div>\n\t\t<div class=\"frm_checkbox\" id=\"frm_checkbox_32-29-1\">\t\t\t<label  for=\"field_a8lle-1\">\n\t\t\t<input type=\"checkbox\" name=\"item_meta[32][]\" id=\"field_a8lle-1\" value=\"I do not agree\"  data-sectionid=\"29\" data-invmsg=\"Dieses Feld ist ung\u00fcltig\" aria-invalid=\"false\"   \/> Ich stimme nicht zu <\/label><\/div>\n<\/div>\r\n\t\r\n\t\r\n<\/div>\n<\/div>\n<div id=\"frm_field_34_container\" class=\"frm_form_field  frm_html_container form-field\">Wenn Sie Fragen oder Bedenken haben, wenden Sie sich bitte an <a href=\"mailto:deindustrialization@concordia.ca\">deindustrialization@concordia<\/a>.ca. <br \/>Vielen Dank f\u00fcr Ihre Einreichung!<\/div>\n<div id=\"frm_field_16_container\" class=\"frm_form_field form-field  frm_none_container\">\r\n    <label for=\"g-recaptcha-response\" id=\"field_6hi97_label\" class=\"frm_primary_label\">Captcha\r\n        <span class=\"frm_required\" aria-hidden=\"true\"><\/span>\r\n    <\/label>\r\n    \r\n    \r\n    \r\n<\/div>\n<div id=\"frm_field_25_container\" class=\"frm_form_field form-field \">\r\n\t<div class=\"frm_submit\">\r\n\r\n<button class=\"frm_button_submit frm_final_submit\" type=\"submit\"  >Submit<\/button>\r\n\r\n\r\n<\/div>\r\n<\/div>\n<input type=\"hidden\" name=\"item_meta[26]\" id=\"field_b53ds\" value=\"\" data-frmval=\"\"\/>\n\t<input type=\"hidden\" name=\"item_key\" value=\"\" \/>\n\t\t\t\t<div class=\"frm__6543cd92b388b\">\n\t\t\t\t<label for=\"frm_email_2\" >\n\t\t\t\t\tIf you are human, leave this field blank.\t\t\t\t<\/label>\n\t\t\t\t<input  id=\"frm_email_2\" type=\"text\" class=\"frm_verify\" name=\"frm__6543cd92b388b\" value=\"\" autocomplete=\"off\"  \/>\n\t\t\t<\/div>\n\t\t<input name=\"frm_state\" type=\"hidden\" value=\"xdmrDRaazufIuYqbLfhN5c06DNLxkexskcjOQ7hnt6Y=\" \/><\/div>\n<\/fieldset>\n<\/div>\n<\/form>\n<\/div>\n\r\n","protected":false},"excerpt":{"rendered":"<p>&nbsp;<\/p>\n","protected":false},"author":1,"featured_media":0,"parent":0,"menu_order":0,"comment_status":"closed","ping_status":"closed","template":"","meta":{"neve_meta_sidebar":"","neve_meta_container":"","neve_meta_enable_content_width":"off","neve_meta_content_width":100,"neve_meta_title_alignment":"","neve_meta_author_avatar":"","neve_post_elements_order":"","neve_meta_disable_header":"","neve_meta_disable_footer":"","neve_meta_disable_title":"","footnotes":""},"class_list":["post-638","page","type-page","status-publish","hentry"],"acf":[],"_links":{"self":[{"href":"https:\/\/objects.deindustrialization.org\/de\/wp-json\/wp\/v2\/pages\/638","targetHints":{"allow":["GET"]}}],"collection":[{"href":"https:\/\/objects.deindustrialization.org\/de\/wp-json\/wp\/v2\/pages"}],"about":[{"href":"https:\/\/objects.deindustrialization.org\/de\/wp-json\/wp\/v2\/types\/page"}],"author":[{"embeddable":true,"href":"https:\/\/objects.deindustrialization.org\/de\/wp-json\/wp\/v2\/users\/1"}],"replies":[{"embeddable":true,"href":"https:\/\/objects.deindustrialization.org\/de\/wp-json\/wp\/v2\/comments?post=638"}],"version-history":[{"count":1,"href":"https:\/\/objects.deindustrialization.org\/de\/wp-json\/wp\/v2\/pages\/638\/revisions"}],"predecessor-version":[{"id":639,"href":"https:\/\/objects.deindustrialization.org\/de\/wp-json\/wp\/v2\/pages\/638\/revisions\/639"}],"wp:attachment":[{"href":"https:\/\/objects.deindustrialization.org\/de\/wp-json\/wp\/v2\/media?parent=638"}],"curies":[{"name":"wp","href":"https:\/\/api.w.org\/{rel}","templated":true}]}}