{"id":290,"date":"2023-03-07T00:47:02","date_gmt":"2023-03-07T00:47:02","guid":{"rendered":"http:\/\/dev.mat3rial.com\/depot\/?page_id=290"},"modified":"2024-05-06T19:13:11","modified_gmt":"2024-05-06T19:13:11","slug":"contribuer","status":"publish","type":"page","link":"https:\/\/objects.deindustrialization.org\/fr\/contribuer\/","title":{"rendered":"Formulaire de soumission : Histoires de la d\u00e9sindustrialisation par les objets"},"content":{"rendered":"\r\n<p>&nbsp;<\/p>\r\n<div class=\"frm_forms  with_frm_style frm_style_formidable-style\" id=\"frm_form_2_container\" data-token=\"cbce74752d9d5fd2764250bc442f6510\">\n<form enctype=\"multipart\/form-data\" method=\"post\" class=\"frm-show-form  frm_pro_form \" id=\"form_objectcontribution\" data-token=\"cbce74752d9d5fd2764250bc442f6510\">\n<div class=\"frm_form_fields \">\n<fieldset>\n<legend class=\"frm_screen_reader\">Object Contribution<\/legend>\r\n\r\n<div class=\"frm_fields_container\">\n<input type=\"hidden\" name=\"frm_action\" value=\"create\" \/>\n<input type=\"hidden\" name=\"form_id\" value=\"2\" \/>\n<input type=\"hidden\" name=\"frm_hide_fields_2\" id=\"frm_hide_fields_2\" value=\"\" \/>\n<input type=\"hidden\" name=\"form_key\" value=\"objectcontribution\" \/>\n<input type=\"hidden\" name=\"item_meta[0]\" value=\"\" \/>\n<input type=\"hidden\" id=\"frm_submit_entry_2\" name=\"frm_submit_entry_2\" value=\"1b92959ace\" \/><input type=\"hidden\" name=\"_wp_http_referer\" value=\"\/fr\/wp-json\/wp\/v2\/pages\/290\" \/><div id=\"frm_field_7_container\" class=\"frm_form_field form-field  frm_required_field frm_top_container frm12 frm_first\">\r\n    <label for=\"field_mlul0\" id=\"field_mlul0_label\" class=\"frm_primary_label\">Nom\r\n        <span class=\"frm_required\" aria-hidden=\"true\">*<\/span>\r\n    <\/label>\r\n    <input type=\"text\" id=\"field_mlul0\" name=\"item_meta[7]\" value=\"\"  data-reqmsg=\"Nom cannot be blank.\" aria-required=\"true\" data-invmsg=\"Text is invalid\" aria-invalid=\"false\"   aria-describedby=\"frm_desc_field_mlul0\"\/>\r\n    <div class=\"frm_description\" id=\"frm_desc_field_mlul0\">Quel est le nom de votre objet? S\u2019il n\u2019a pas de nom, vous pouvez lui en donner un.<\/div>\r\n    \r\n<\/div>\n<div id=\"frm_field_11_container\" class=\"frm_form_field form-field  frm_top_container\">\r\n    <label for=\"field_kg6vm\" id=\"field_kg6vm_label\" class=\"frm_primary_label\">Parlez-nous de votre objet\r\n        <span class=\"frm_required\" aria-hidden=\"true\"><\/span>\r\n    <\/label>\r\n    <textarea name=\"item_meta[11]\" id=\"field_kg6vm\" rows=\"6\"  data-invmsg=\"Parlez-nous de votre objet est non valide\" aria-invalid=\"false\"   aria-describedby=\"frm_desc_field_kg6vm\"><\/textarea>\r\n    <div class=\"frm_description\" id=\"frm_desc_field_kg6vm\">Pourquoi cet objet est-il important? A quoi sert ou a servi cet objet? Que voulez-vous partager \u00e0 son sujet?<\/div>\r\n    \r\n<\/div>\n<div id=\"frm_field_9_container\" class=\"frm_form_field form-field  frm_top_container frm12  frm6 frm_first vertical_radio\">\r\n    <div  id=\"field_ukf9j_label\" class=\"frm_primary_label\">D\u2019o\u00f9 provient cet objet? \r\n        <span class=\"frm_required\" aria-hidden=\"true\"><\/span>\r\n    <\/div>\r\n    <div class=\"frm_opt_container\" aria-labelledby=\"field_ukf9j_label\" role=\"group\">\t\t<div class=\"frm_catlevel_1\">\t\t<div class=\"frm_checkbox\" id=\"frm_checkbox_9-158\">\n\t\t\t<label for=\"field_9-158\"><input type=\"checkbox\" name=\"item_meta[9][]\" id=\"field_9-158\" value=\"158\"  data-invmsg=\"D\u2019o\u00f9 provient cet objet?  est non valide\" aria-invalid=\"false\"   \/>Afrique<\/label>\n<\/div><\/div>\n\t\t<div class=\"frm_catlevel_1\">\t\t<div class=\"frm_checkbox\" id=\"frm_checkbox_9-155\">\n\t\t\t<label for=\"field_9-155\"><input type=\"checkbox\" name=\"item_meta[9][]\" id=\"field_9-155\" value=\"155\"  data-invmsg=\"D\u2019o\u00f9 provient cet objet?  est non valide\" aria-invalid=\"false\"   \/>Am\u00e9rique centrale<\/label>\n<\/div><\/div>\n\t\t<div class=\"frm_catlevel_1\">\t\t<div class=\"frm_checkbox\" id=\"frm_checkbox_9-147\">\n\t\t\t<label for=\"field_9-147\"><input type=\"checkbox\" name=\"item_meta[9][]\" id=\"field_9-147\" value=\"147\"  data-invmsg=\"D\u2019o\u00f9 provient cet objet?  est non valide\" aria-invalid=\"false\"   \/>Am\u00e9rique du nord<\/label>\n<\/div><\/div>\n\t\t<div class=\"frm_catlevel_1\">\t\t<div class=\"frm_checkbox\" id=\"frm_checkbox_9-154\">\n\t\t\t<label for=\"field_9-154\"><input type=\"checkbox\" name=\"item_meta[9][]\" id=\"field_9-154\" value=\"154\"  data-invmsg=\"D\u2019o\u00f9 provient cet objet?  est non valide\" aria-invalid=\"false\"   \/>Am\u00e9rique du sud<\/label>\n<\/div><\/div>\n\t\t<div class=\"frm_catlevel_1\">\t\t<div class=\"frm_checkbox\" id=\"frm_checkbox_9-156\">\n\t\t\t<label for=\"field_9-156\"><input type=\"checkbox\" name=\"item_meta[9][]\" id=\"field_9-156\" value=\"156\"  data-invmsg=\"D\u2019o\u00f9 provient cet objet?  est non valide\" aria-invalid=\"false\"   \/>Asie<\/label>\n<\/div><\/div>\n\t\t<div class=\"frm_catlevel_1\">\t\t<div class=\"frm_checkbox\" id=\"frm_checkbox_9-159\">\n\t\t\t<label for=\"field_9-159\"><input type=\"checkbox\" name=\"item_meta[9][]\" id=\"field_9-159\" value=\"159\"  data-invmsg=\"D\u2019o\u00f9 provient cet objet?  est non valide\" aria-invalid=\"false\"   \/>Autre<\/label>\n<\/div><\/div>\n\t\t<div class=\"frm_catlevel_1\">\t\t<div class=\"frm_checkbox\" id=\"frm_checkbox_9-157\">\n\t\t\t<label for=\"field_9-157\"><input type=\"checkbox\" name=\"item_meta[9][]\" id=\"field_9-157\" value=\"157\"  data-invmsg=\"D\u2019o\u00f9 provient cet objet?  est non valide\" aria-invalid=\"false\"   \/>Europe<\/label>\n<\/div><\/div>\n\t\t<div class=\"frm_catlevel_1\">\t\t<div class=\"frm_checkbox\" id=\"frm_checkbox_9-153\">\n\t\t\t<label for=\"field_9-153\"><input type=\"checkbox\" name=\"item_meta[9][]\" id=\"field_9-153\" value=\"153\"  data-invmsg=\"D\u2019o\u00f9 provient cet objet?  est non valide\" aria-invalid=\"false\"   \/>Oc\u00e9anie<\/label>\n<\/div><\/div>\n<\/div>\r\n    \r\n    \r\n<\/div>\n<div id=\"frm_field_12_container\" class=\"frm_form_field form-field  frm_top_container frm_half\">\r\n    <label for=\"field_54yos\" id=\"field_54yos_label\" class=\"frm_primary_label\">Facultatif: Si vous voulez \u00eatre plus sp\u00e9cifique, \u00e9crivez votre r\u00e9ponse ici: \r\n        <span class=\"frm_required\" aria-hidden=\"true\"><\/span>\r\n    <\/label>\r\n    <input type=\"text\" id=\"field_54yos\" name=\"item_meta[12]\" value=\"\"  data-invmsg=\"Text is invalid\" aria-invalid=\"false\"  \/>\r\n    \r\n    \r\n<\/div>\n<div id=\"frm_field_8_container\" class=\"frm_form_field form-field  frm_top_container frm6 frm_first vertical_radio\">\r\n    <div  id=\"field_q7ml4_label\" class=\"frm_primary_label\">Contexte industriel\r\n        <span class=\"frm_required\" aria-hidden=\"true\"><\/span>\r\n    <\/div>\r\n    <div class=\"frm_opt_container\" aria-labelledby=\"field_q7ml4_label\" role=\"group\">\t\t<div class=\"frm_catlevel_1\">\t\t<div class=\"frm_checkbox\" id=\"frm_checkbox_8-128\">\n\t\t\t<label for=\"field_8-128\"><input type=\"checkbox\" name=\"item_meta[8][]\" id=\"field_8-128\" value=\"128\"  data-invmsg=\"Contexte industriel est non valide\" aria-invalid=\"false\"   \/>Agriculture et production alimentaire<\/label>\n<\/div><\/div>\n\t\t<div class=\"frm_catlevel_1\">\t\t<div class=\"frm_checkbox\" id=\"frm_checkbox_8-138\">\n\t\t\t<label for=\"field_8-138\"><input type=\"checkbox\" name=\"item_meta[8][]\" id=\"field_8-138\" value=\"138\"  data-invmsg=\"Contexte industriel est non valide\" aria-invalid=\"false\"   \/>Aucun secteur industriel<\/label>\n<\/div><\/div>\n\t\t<div class=\"frm_catlevel_1\">\t\t<div class=\"frm_checkbox\" id=\"frm_checkbox_8-131\">\n\t\t\t<label for=\"field_8-131\"><input type=\"checkbox\" name=\"item_meta[8][]\" id=\"field_8-131\" value=\"131\"  data-invmsg=\"Contexte industriel est non valide\" aria-invalid=\"false\"   \/>Construction<\/label>\n<\/div><\/div>\n\t\t<div class=\"frm_catlevel_1\">\t\t<div class=\"frm_checkbox\" id=\"frm_checkbox_8-145\">\n\t\t\t<label for=\"field_8-145\"><input type=\"checkbox\" name=\"item_meta[8][]\" id=\"field_8-145\" value=\"145\"  data-invmsg=\"Contexte industriel est non valide\" aria-invalid=\"false\"   \/>Construction navale<\/label>\n<\/div><\/div>\n\t\t<div class=\"frm_catlevel_1\">\t\t<div class=\"frm_checkbox\" id=\"frm_checkbox_8-135\">\n\t\t\t<label for=\"field_8-135\"><input type=\"checkbox\" name=\"item_meta[8][]\" id=\"field_8-135\" value=\"135\"  data-invmsg=\"Contexte industriel est non valide\" aria-invalid=\"false\"   \/>Foresterie<\/label>\n<\/div><\/div>\n\t\t<div class=\"frm_catlevel_1\">\t\t<div class=\"frm_checkbox\" id=\"frm_checkbox_8-129\">\n\t\t\t<label for=\"field_8-129\"><input type=\"checkbox\" name=\"item_meta[8][]\" id=\"field_8-129\" value=\"129\"  data-invmsg=\"Contexte industriel est non valide\" aria-invalid=\"false\"   \/>Industrie automobile et du transport<\/label>\n<\/div><\/div>\n\t\t<div class=\"frm_catlevel_1\">\t\t<div class=\"frm_checkbox\" id=\"frm_checkbox_8-144\">\n\t\t\t<label for=\"field_8-144\"><input type=\"checkbox\" name=\"item_meta[8][]\" id=\"field_8-144\" value=\"144\"  data-invmsg=\"Contexte industriel est non valide\" aria-invalid=\"false\"   \/>Industrie des services et du commerce de d\u00e9tail<\/label>\n<\/div><\/div>\n\t\t<div class=\"frm_catlevel_1\">\t\t<div class=\"frm_checkbox\" id=\"frm_checkbox_8-132\">\n\t\t\t<label for=\"field_8-132\"><input type=\"checkbox\" name=\"item_meta[8][]\" id=\"field_8-132\" value=\"132\"  data-invmsg=\"Contexte industriel est non valide\" aria-invalid=\"false\"   \/>Industries de l\u2019\u00e9nergie, du p\u00e9trole et du gaz<\/label>\n<\/div><\/div>\n\t\t<div class=\"frm_catlevel_1\">\t\t<div class=\"frm_checkbox\" id=\"frm_checkbox_8-51\">\n\t\t\t<label for=\"field_8-51\"><input type=\"checkbox\" name=\"item_meta[8][]\" id=\"field_8-51\" value=\"51\"  data-invmsg=\"Contexte industriel est non valide\" aria-invalid=\"false\"   \/>Industries mini\u00e8res<\/label>\n<\/div><\/div>\n\t\t<div class=\"frm_catlevel_1\">\t\t<div class=\"frm_checkbox\" id=\"frm_checkbox_8-137\">\n\t\t\t<label for=\"field_8-137\"><input type=\"checkbox\" name=\"item_meta[8][]\" id=\"field_8-137\" value=\"137\"  data-invmsg=\"Contexte industriel est non valide\" aria-invalid=\"false\"   \/>Manifacture<\/label>\n<\/div><\/div>\n\t\t<div class=\"frm_catlevel_1\">\t\t<div class=\"frm_checkbox\" id=\"frm_checkbox_8-133\">\n\t\t\t<label for=\"field_8-133\"><input type=\"checkbox\" name=\"item_meta[8][]\" id=\"field_8-133\" value=\"133\"  data-invmsg=\"Contexte industriel est non valide\" aria-invalid=\"false\"   \/>P\u00eacheries<\/label>\n<\/div><\/div>\n\t\t<div class=\"frm_catlevel_1\">\t\t<div class=\"frm_checkbox\" id=\"frm_checkbox_8-130\">\n\t\t\t<label for=\"field_8-130\"><input type=\"checkbox\" name=\"item_meta[8][]\" id=\"field_8-130\" value=\"130\"  data-invmsg=\"Contexte industriel est non valide\" aria-invalid=\"false\"   \/>Production chimique<\/label>\n<\/div><\/div>\n\t\t<div class=\"frm_catlevel_1\">\t\t<div class=\"frm_checkbox\" id=\"frm_checkbox_8-202\">\n\t\t\t<label for=\"field_8-202\"><input type=\"checkbox\" name=\"item_meta[8][]\" id=\"field_8-202\" value=\"202\"  data-invmsg=\"Contexte industriel est non valide\" aria-invalid=\"false\"   \/>Textile<\/label>\n<\/div><\/div>\n\t\t<div class=\"frm_catlevel_1\">\t\t<div class=\"frm_checkbox\" id=\"frm_checkbox_8-136\">\n\t\t\t<label for=\"field_8-136\"><input type=\"checkbox\" name=\"item_meta[8][]\" id=\"field_8-136\" value=\"136\"  data-invmsg=\"Contexte industriel est non valide\" aria-invalid=\"false\"   \/>Travail du fer et de l&#039;acier<\/label>\n<\/div><\/div>\n<\/div>\r\n    \r\n    \r\n<\/div>\n<div id=\"frm_field_14_container\" class=\"frm_form_field form-field  frm_top_container frm12  frm6\">\r\n    <label for=\"field_bvmub\" id=\"field_bvmub_label\" class=\"frm_primary_label\">Autre contexte industriel\r\n        <span class=\"frm_required\" aria-hidden=\"true\"><\/span>\r\n    <\/label>\r\n    <input type=\"text\" id=\"field_bvmub\" name=\"item_meta[14]\" value=\"\"  data-invmsg=\"Text is invalid\" aria-invalid=\"false\"  \/>\r\n    \r\n    \r\n<\/div>\n<div id=\"frm_field_24_container\" class=\"frm_form_field form-field  frm_top_container\">\r\n    <label for=\"field_b9f7g\" id=\"field_b9f7g_label\" class=\"frm_primary_label\">Mots-cl\u00e9s\r\n        <span class=\"frm_required\" aria-hidden=\"true\"><\/span>\r\n    <\/label>\r\n    <input type=\"text\" id=\"field_b9f7g\" name=\"item_meta[24]\" value=\"\"  data-invmsg=\"Mots-cl\u00e9s est non valide\" aria-invalid=\"false\"   aria-describedby=\"frm_desc_field_b9f7g\"\/>\r\n    <div class=\"frm_description\" id=\"frm_desc_field_b9f7g\">Ajoutez quelques mots, comme des hashtags, pour nous dire tout ce que vous n'avez pas pu communiquer dans les autres questions (par exemple, vous pourriez d\u00e9crire une pancarte utilis\u00e9e lors d'une manifestation contre la fermeture d'une mine de charbon avec les mots-cl\u00e9s : gr\u00e8ve, manifestation, Bochum, Allemagne, mine, charbon, Zeche Constantin, papier...).<\/div>\r\n    \r\n<\/div>\n<div id=\"frm_field_18_container\" class=\"frm_form_field form-field  frm_top_container\">\r\n    <label for=\"field_5t4pr\" id=\"field_5t4pr_label\" class=\"frm_primary_label\">\u00c0 qui appartient cet objet? Est-il dans la collection d\u2019un mus\u00e9e, dans votre possession, avec quelqu\u2019un que vous connaissez..? \r\n        <span class=\"frm_required\" aria-hidden=\"true\"><\/span>\r\n    <\/label>\r\n    <textarea name=\"item_meta[18]\" id=\"field_5t4pr\" rows=\"5\"  data-invmsg=\"Paragraph is invalid\" aria-invalid=\"false\"   aria-describedby=\"frm_desc_field_5t4pr\"><\/textarea>\r\n    <div class=\"frm_description\" id=\"frm_desc_field_5t4pr\">Si l\u2019objet provient de la collection d\u2019un mus\u00e9e, ajoutez le lien vers leur site web ici.<\/div>\r\n    \r\n<\/div>\n<div id=\"frm_field_19_container\" class=\"frm_form_field form-field  frm_top_container\">\r\n    <label for=\"field_sg0s8\" id=\"field_sg0s8_label\" class=\"frm_primary_label\">T\u00e9l\u00e9chargement d\u2019image\r\n        <span class=\"frm_required\" aria-hidden=\"true\"><\/span>\r\n    <\/label>\r\n    <input type=\"hidden\"  data-invmsg=\"File Upload is invalid\" aria-invalid=\"false\"   name=\"item_meta[19][]\"  value=\"\" data-frmfile=\"19\" \/>\n\n<div class=\"frm_dropzone frm_multi_upload frm_clearfix\" id=\"file19_dropzone\" role=\"group\" >\n\t<div class=\"fallback\">\n\t\t<input type=\"file\" name=\"file19[]\" id=\"field_sg0s8\"\n\t\t\t data-frmfile=\"19\" multiple=\"multiple\"  data-invmsg=\"File Upload is invalid\" aria-invalid=\"false\"  \t\t\t\/>\n\t\t\t\t<div class=\"frm_clearfix \"><\/div>\n\t<\/div>\n\t<div class=\"dz-message needsclick\">\n\t\t\t\t<svg  viewBox=\"0 0 18 18\" class=\"frmsvg frm-svg-icon\">\n\t<path viewBox=\"0 0 18 18\" fill-rule=\"evenodd\" clip-rule=\"evenodd\" d=\"M8.2 4v8a.8.8 0 001.5 0V4l2.1 2.2A.7.7 0 1013 5L9.5 1.7a.7.7 0 00-1.1 0L5.1 5.2a.8.8 0 001 1l2.1-2zm7.6 4.3c.4 0 .7.3.7.7v6.8c0 .4-.3.7-.8.7H2.3a.8.8 0 01-.8-.8V9A.8.8 0 013 9v6h12V9c0-.4.3-.8.8-.8z\"><\/path>\n<\/svg>\t\t<span class=\"frm_upload_text\"><button type=\"button\" aria-label=\"T\u00e9l\u00e9chargement d\u2019image. Drop a file here or click to upload. Taille de fichier maximale\u00a0: 516MB\">Drop a file here or click to upload<\/button><\/span>\n\t\t<span class=\"frm_compact_text\"><button type=\"button\" aria-label=\"T\u00e9l\u00e9chargement d\u2019image. Choose File. Taille de fichier maximale\u00a0: 516MB\">Choose File<\/button><\/span>\n\t\t<div class=\"frm_small_text\">\n\t\t\t<p>Taille de fichier maximale\u00a0: 516MB<\/p>\n\t\t<\/div>\n\t<\/div>\n<\/div>\n\t\r\n    \r\n    \r\n<\/div>\n<div id=\"frm_field_23_container\" class=\"frm_form_field form-field  frm_top_container\">\r\n    <label for=\"field_cfty8\" id=\"field_cfty8_label\" class=\"frm_primary_label\">Mat\u00e9riel suppl\u00e9mentaire\r\n        <span class=\"frm_required\" aria-hidden=\"true\"><\/span>\r\n    <\/label>\r\n    <textarea name=\"item_meta[23]\" id=\"field_cfty8\" rows=\"5\"  data-invmsg=\"Paragraph is invalid\" aria-invalid=\"false\"   aria-describedby=\"frm_desc_field_cfty8\"><\/textarea>\r\n    <div class=\"frm_description\" id=\"frm_desc_field_cfty8\">Avez-vous du mat\u00e9riel suppl\u00e9mentaire que vous voulez partager sur votre objet? (par exemple: vid\u00e9os YouTubes, liens vers d\u2019autres sites web, images, entr\u00e9e de catalogue de mus\u00e9es, mat\u00e9riel d\u2019histoire orale...)<\/div>\r\n    \r\n<\/div>\n<div id=\"frm_field_29_container\" class=\"frm_form_field frm_section_heading form-field  frm12 frm_first\">\r\n<h3 class=\"frm_pos_top frm_section_spacing\">Information et consentement du contributeur<\/h3>\r\n\r\n\r\n<div id=\"frm_field_27_container\" class=\"frm_form_field form-field  frm_top_container frm6 frm_first\">\r\n\t<label for=\"field_5suui\" id=\"field_5suui_label\" class=\"frm_primary_label\">Votre nom\r\n\t\t<span class=\"frm_required\" aria-hidden=\"true\"><\/span>\r\n\t<\/label>\r\n\t<input type=\"text\" id=\"field_5suui\" name=\"item_meta[27]\" value=\"\"  data-sectionid=\"29\" data-invmsg=\"Votre nom is invalid\" aria-invalid=\"false\"   aria-describedby=\"frm_desc_field_5suui\"\/>\r\n\t<div class=\"frm_description\" id=\"frm_desc_field_5suui\">Quel nom voulez-vous voir apparaitre sur la page web de l\u2019objet? Vous pouvez utiliser votre nom, des initiales, un pseudonyme, ou soumettre une entr\u00e9e anonyme. <\/div>\r\n\t\r\n<\/div>\n<div id=\"frm_field_28_container\" class=\"frm_form_field form-field  frm_top_container frm6\">\r\n\t<label for=\"field_wfh3s\" id=\"field_wfh3s_label\" class=\"frm_primary_label\">Adresse courriel \r\n\t\t<span class=\"frm_required\" aria-hidden=\"true\"><\/span>\r\n\t<\/label>\r\n\t<input type=\"text\" id=\"field_wfh3s\" name=\"item_meta[28]\" value=\"\"  data-invmsg=\"Adresse courriel  is invalid\" aria-invalid=\"false\"   aria-describedby=\"frm_desc_field_wfh3s\"\/>\r\n\t<div class=\"frm_description\" id=\"frm_desc_field_wfh3s\">Quelle adresse courriel est-ce-que D\u00e9POT pourrait utiliser pour vous rejoindre si nous avons des questions sur votre soumission? Votre adresse courriel ne sera pas partag\u00e9e publiquement.<\/div>\r\n\t\r\n<\/div>\n<div id=\"frm_field_33_container\" class=\"frm_form_field  frm_html_container form-field\"><strong>En soumettant votre objet, vous acceptez que :   <\/strong><\/p>\n<ul>\n<li>Vous poss\u00e9dez les droits d'auteur de la photo que vous t\u00e9l\u00e9chargez et que celle-ci n'enfreint aucune restriction en mati\u00e8re de droits d'auteur. <\/li>\n<li>Vous conservez les droits d'auteur de l'image; D\u00e9POT ne dispose pas de droits exclusifs sur les photos envoy\u00e9es. <\/li>\n<li>Si d'autres personnes apparaissent sur la photo, vous devez vous assurer que la photo ne porte pas atteinte \u00e0 leur droit \u00e0 la vie priv\u00e9e et \u00e0 la publicit\u00e9. Cela signifie que vous avez re\u00e7u le consentement de toutes les personnes figurant sur la photo pour la soumettre.  <\/li>\n<li>Vous acceptez de permettre aux utilisateurs du site web d'utiliser l'objet que vous avez soumis ainsi que les informations contenues dans la fiche de l'objet dans le cadre d'activit\u00e9s \u00e9ducatives et de recherche.  <\/li>\n<li>Vous acceptez que le personnel de DePOT vous contacte s'il a des questions concernant votre soumission.  <\/li>\n<li>Votre adresse \u00e9lectronique ne sera ni communiqu\u00e9e ni utilis\u00e9e \u00e0 d'autres fins.<\/li>\n<\/ul>\n<\/div>\n<div id=\"frm_field_32_container\" class=\"frm_form_field form-field  frm_top_container vertical_radio\">\r\n\t<div  id=\"field_a8lle_label\" class=\"frm_primary_label\">\r\n\t\t<span class=\"frm_required\" aria-hidden=\"true\"><\/span>\r\n\t<\/div>\r\n\t<div class=\"frm_opt_container\" aria-labelledby=\"field_a8lle_label\" role=\"group\">\t\t<div class=\"frm_checkbox\" id=\"frm_checkbox_32-29-0\">\t\t\t<label  for=\"field_a8lle-0\">\n\t\t\t<input type=\"checkbox\" name=\"item_meta[32][]\" id=\"field_a8lle-0\" value=\"I agree\"  data-sectionid=\"29\" data-invmsg=\"Ce champ est non valide\" aria-invalid=\"false\"   \/> Je suis d\u2019accord <\/label><\/div>\n\t\t<div class=\"frm_checkbox\" id=\"frm_checkbox_32-29-1\">\t\t\t<label  for=\"field_a8lle-1\">\n\t\t\t<input type=\"checkbox\" name=\"item_meta[32][]\" id=\"field_a8lle-1\" value=\"I do not agree\"  data-sectionid=\"29\" data-invmsg=\"Ce champ est non valide\" aria-invalid=\"false\"   \/> Je ne suis pas d\u2019accord <\/label><\/div>\n<\/div>\r\n\t\r\n\t\r\n<\/div>\n<\/div>\n<div id=\"frm_field_34_container\" class=\"frm_form_field  frm_html_container form-field\">Si vous avez des questions ou des pr\u00e9occupations, s\u2019il-vous-pla\u00eet n\u2019h\u00e9sitez pas de nous rejoindre \u00e0 <a href=\"mailto:deindustrialization@concordia.ca\">deindustrialization@concordia.ca<\/a>. <br \/>Merci pour votre soumission!<\/div>\n<div id=\"frm_field_16_container\" class=\"frm_form_field form-field  frm_none_container\">\r\n    <label for=\"g-recaptcha-response\" id=\"field_6hi97_label\" class=\"frm_primary_label\">Captcha\r\n        <span class=\"frm_required\" aria-hidden=\"true\"><\/span>\r\n    <\/label>\r\n    \r\n    \r\n    \r\n<\/div>\n<div id=\"frm_field_25_container\" class=\"frm_form_field form-field \">\r\n\t<div class=\"frm_submit\">\r\n\r\n<button class=\"frm_button_submit frm_final_submit\" type=\"submit\"  >Submit<\/button>\r\n\r\n\r\n<\/div>\r\n<\/div>\n<input type=\"hidden\" name=\"item_meta[26]\" id=\"field_b53ds\" value=\"\" data-frmval=\"\"\/>\n\t<input type=\"hidden\" name=\"item_key\" value=\"\" \/>\n\t\t\t\t<div class=\"frm__6543cd92b388b\">\n\t\t\t\t<label for=\"frm_email_2\" >\n\t\t\t\t\tSi vous \u00eates un humain, ne remplissez pas ce champ.\t\t\t\t<\/label>\n\t\t\t\t<input  id=\"frm_email_2\" type=\"text\" class=\"frm_verify\" name=\"frm__6543cd92b388b\" value=\"\" autocomplete=\"off\"  \/>\n\t\t\t<\/div>\n\t\t<input name=\"frm_state\" type=\"hidden\" value=\"xdmrDRaazufIuYqbLfhN5TrthMAox+aNgxuy\/ZZ2dPg=\" \/><\/div>\n<\/fieldset>\n<\/div>\n<\/form>\n<\/div>\n\r\n","protected":false},"excerpt":{"rendered":"<p>&nbsp;<\/p>\n","protected":false},"author":1,"featured_media":0,"parent":0,"menu_order":0,"comment_status":"closed","ping_status":"closed","template":"","meta":{"neve_meta_sidebar":"","neve_meta_container":"","neve_meta_enable_content_width":"off","neve_meta_content_width":100,"neve_meta_title_alignment":"","neve_meta_author_avatar":"","neve_post_elements_order":"","neve_meta_disable_header":"","neve_meta_disable_footer":"","neve_meta_disable_title":"","footnotes":""},"class_list":["post-290","page","type-page","status-publish","hentry"],"acf":[],"_links":{"self":[{"href":"https:\/\/objects.deindustrialization.org\/fr\/wp-json\/wp\/v2\/pages\/290","targetHints":{"allow":["GET"]}}],"collection":[{"href":"https:\/\/objects.deindustrialization.org\/fr\/wp-json\/wp\/v2\/pages"}],"about":[{"href":"https:\/\/objects.deindustrialization.org\/fr\/wp-json\/wp\/v2\/types\/page"}],"author":[{"embeddable":true,"href":"https:\/\/objects.deindustrialization.org\/fr\/wp-json\/wp\/v2\/users\/1"}],"replies":[{"embeddable":true,"href":"https:\/\/objects.deindustrialization.org\/fr\/wp-json\/wp\/v2\/comments?post=290"}],"version-history":[{"count":5,"href":"https:\/\/objects.deindustrialization.org\/fr\/wp-json\/wp\/v2\/pages\/290\/revisions"}],"predecessor-version":[{"id":634,"href":"https:\/\/objects.deindustrialization.org\/fr\/wp-json\/wp\/v2\/pages\/290\/revisions\/634"}],"wp:attachment":[{"href":"https:\/\/objects.deindustrialization.org\/fr\/wp-json\/wp\/v2\/media?parent=290"}],"curies":[{"name":"wp","href":"https:\/\/api.w.org\/{rel}","templated":true}]}}