{"id":513,"date":"2024-01-30T17:25:29","date_gmt":"2024-01-30T17:25:29","guid":{"rendered":"https:\/\/objects.deindustrialization.org\/about-2\/"},"modified":"2024-05-26T19:09:19","modified_gmt":"2024-05-26T19:09:19","slug":"about-2","status":"publish","type":"page","link":"https:\/\/objects.deindustrialization.org\/fr\/","title":{"rendered":"A propos du projet"},"content":{"rendered":"\r\n<div class=\"wp-block-group\"><div class=\"wp-block-group__inner-container is-layout-constrained wp-block-group-is-layout-constrained\">\r\n<div class=\"wp-block-columns is-layout-flex wp-container-core-columns-is-layout-9d6595d7 wp-block-columns-is-layout-flex\">\r\n<div class=\"wp-block-column is-vertically-aligned-top is-layout-flow wp-block-column-is-layout-flow\" style=\"flex-basis: 100%;\">\r\n<div class=\"wp-block-columns is-layout-flex wp-container-core-columns-is-layout-9d6595d7 wp-block-columns-is-layout-flex\">\r\n<div class=\"wp-block-column is-layout-flow wp-block-column-is-layout-flow\">\r\n<p><strong>Bienvenue sur le site \u00ab Histoires de la d\u00e9sindustrialisation par les objets \u00bb\u00bb. Ce site web rassemble et pr\u00e9sente des objets qui repr\u00e9sentent les effets de la d\u00e9sindustrialisation.<\/strong><\/p>\r\n\r\n\r\n\r\n<p>Nous utilisons le mot &lsquo;d\u00e9sindustrialisation&rsquo; pour parler des changements qui surviennent lorsque les capacit\u00e9s industrielles d&rsquo;un pays ou d&rsquo;une r\u00e9gion, ou le(s) type(s) de travail disponible(s) pour les gens, change(nt) de mani\u00e8re significative. Parfois, le travail dispara\u00eet compl\u00e8tement, comme lorsqu&rsquo;une mine ferme. Parfois, le travail est r\u00e9duit, comme lorsqu&rsquo;une usine diminue sa production. Parfois, le travail change, comme lorsqu&rsquo;une nouvelle technologie est introduite. Les changements caus\u00e9s par la d\u00e9sindustrialisation peuvent \u00eatre \u00e9conomiques, culturels, sociaux ou tout \u00e0 la fois.<\/p>\r\n\r\n\r\n\r\n<p>Vous pouvez explorer des objets soumis par des utilisateurs \u00e0 travers du monde et lire leurs histoires. Vous pouvez utiliser la base de donn\u00e9es pour des recherches, des projets artistiques, des plans de cours et bien d&rsquo;autres projets ! Vous pouvez \u00e9galement cr\u00e9er des collections ou des mini-expositions d&rsquo;objets en fonction de vos int\u00e9r\u00eats et de vos besoins, qui peuvent \u00eatre partag\u00e9es sur le site web.<\/p>\r\n\r\n\r\n\r\n<p>Tout le monde peut soumettre un objet \u00e0 la base de donn\u00e9es. Pour partager un objet, vous devez remplir un formulaire afin de fournir des informations de base sur sa provenance et son utilisation. Vous pouvez ajouter des mots-cl\u00e9s, des images, des vid\u00e9os ou des interviews pour aider les autres \u00e0 comprendre votre objet.<\/p>\r\n\r\n\r\n\r\n<p>Nous vous remercions d&rsquo;avoir visit\u00e9 le site et sommes impatients de d\u00e9couvrir vos objets et leurs histoires.<\/p>\r\n\r\n\r\n\r\n<p><strong>Cr\u00e9dits<\/strong><\/p>\r\n\r\n\r\n\r\n<p>Ce site web a \u00e9t\u00e9 cr\u00e9\u00e9 par le comit\u00e9 de conservation du <a href=\"https:\/\/deindustrialization.org\/a-propos-de-nous\/?lang=fr\" target=\"_blank\" rel=\"noreferrer noopener\">projet D\u00e9POT (La d\u00e9sindustrialisation et la politique de notre temps)<\/a>. Le site a \u00e9t\u00e9 con\u00e7u par Mat3rial.<\/p>\r\n\r\n\r\n\r\n<p>&nbsp;<\/p>\r\n<\/div>\r\n\r\n\r\n\r\n<div class=\"wp-block-column is-vertically-aligned-top is-layout-flow wp-block-column-is-layout-flow\">\r\n<figure class=\"wp-block-image size-full\"><img decoding=\"async\" class=\"wp-image-15\" src=\"https:\/\/objects.deindustrialization.org\/wp-content\/uploads\/2022\/10\/logo.png\" alt=\"\" \/><\/figure>\r\n<\/div>\r\n<\/div>\r\n<\/div>\r\n<\/div>\r\n<\/div><\/div>\r\n","protected":false},"excerpt":{"rendered":"<p>Bienvenue sur le site \u00ab Histoires de la d\u00e9sindustrialisation par les objets \u00bb\u00bb. Ce site web rassemble et pr\u00e9sente des objets qui repr\u00e9sentent les effets de la d\u00e9sindustrialisation. Nous utilisons le mot &lsquo;d\u00e9sindustrialisation&rsquo; pour parler des changements qui surviennent lorsque les capacit\u00e9s industrielles d&rsquo;un pays ou d&rsquo;une r\u00e9gion, ou le(s) type(s) de travail disponible(s) pour&hellip;&nbsp;<a href=\"https:\/\/objects.deindustrialization.org\/fr\/\" class=\"\" rel=\"bookmark\">Lire la suite &raquo;<span class=\"screen-reader-text\">A propos du projet<\/span><\/a><\/p>\n","protected":false},"author":1,"featured_media":0,"parent":0,"menu_order":0,"comment_status":"closed","ping_status":"closed","template":"","meta":{"neve_meta_sidebar":"","neve_meta_container":"","neve_meta_enable_content_width":"off","neve_meta_content_width":100,"neve_meta_title_alignment":"","neve_meta_author_avatar":"","neve_post_elements_order":"","neve_meta_disable_header":"","neve_meta_disable_footer":"","neve_meta_disable_title":"","footnotes":""},"class_list":["post-513","page","type-page","status-publish","hentry"],"acf":[],"_links":{"self":[{"href":"https:\/\/objects.deindustrialization.org\/fr\/wp-json\/wp\/v2\/pages\/513","targetHints":{"allow":["GET"]}}],"collection":[{"href":"https:\/\/objects.deindustrialization.org\/fr\/wp-json\/wp\/v2\/pages"}],"about":[{"href":"https:\/\/objects.deindustrialization.org\/fr\/wp-json\/wp\/v2\/types\/page"}],"author":[{"embeddable":true,"href":"https:\/\/objects.deindustrialization.org\/fr\/wp-json\/wp\/v2\/users\/1"}],"replies":[{"embeddable":true,"href":"https:\/\/objects.deindustrialization.org\/fr\/wp-json\/wp\/v2\/comments?post=513"}],"version-history":[{"count":10,"href":"https:\/\/objects.deindustrialization.org\/fr\/wp-json\/wp\/v2\/pages\/513\/revisions"}],"predecessor-version":[{"id":675,"href":"https:\/\/objects.deindustrialization.org\/fr\/wp-json\/wp\/v2\/pages\/513\/revisions\/675"}],"wp:attachment":[{"href":"https:\/\/objects.deindustrialization.org\/fr\/wp-json\/wp\/v2\/media?parent=513"}],"curies":[{"name":"wp","href":"https:\/\/api.w.org\/{rel}","templated":true}]}}