{"id":538,"date":"2024-01-30T17:25:29","date_gmt":"2024-01-30T17:25:29","guid":{"rendered":"https:\/\/objects.deindustrialization.org\/about-2\/"},"modified":"2024-05-26T19:10:13","modified_gmt":"2024-05-26T19:10:13","slug":"about-2","status":"publish","type":"page","link":"https:\/\/objects.deindustrialization.org\/it\/","title":{"rendered":"Il progetto"},"content":{"rendered":"\n<div class=\"wp-block-group\"><div class=\"wp-block-group__inner-container is-layout-constrained wp-block-group-is-layout-constrained\">\n<div class=\"wp-block-columns is-layout-flex wp-container-core-columns-is-layout-9d6595d7 wp-block-columns-is-layout-flex\">\n<div class=\"wp-block-column is-vertically-aligned-top is-layout-flow wp-block-column-is-layout-flow\" style=\"flex-basis:100%\">\n<div class=\"wp-block-columns is-layout-flex wp-container-core-columns-is-layout-9d6595d7 wp-block-columns-is-layout-flex\">\n<div class=\"wp-block-column is-layout-flow wp-block-column-is-layout-flow\">\n<p><strong>Benvenuti a &#8220;Storie di Deindustrializzazione Attraverso gli Oggetti.&#8221; Questo sito raccoglie ed espone oggetti che raccontano gli effetti della deindustrializzazione.<\/strong><\/p>\n\n\n\n<p>Utilizziamo il termine deindustrializzazione per descrivere i cambiamenti che avvengono quando le capacit\u00e0 industriali di un paese o di una regione, o il tipo di lavoro disponibile per le persone che vi abitano, cambiano in modo significativo. A volte il lavoro scompare completamente, come in seguito alla chiusura di una miniera. A volte il lavoro si riduce, come quando una fabbrica riduce la propria produzione. A volte il lavoro cambia, ad esempio con l&#8217;introduzione di nuove tecnologie. La deindustrializzazione provoca cambiamenti che possono essere economici, culturali, sociali, o tutti e tre contemporaneamente.<\/p>\n\n\n\n<p>Potrai osservare gli oggetti inviati da utenti di tutto il mondo e leggere le loro storie. Potrai utilizzare il database per le tue ricerche, progetti artistici, lezioni e molti altri progetti! Inoltre, sar\u00e0 anche possibile creare collezioni o mini-mostre di oggetti in base ai tuoi interessi e alle tue esigenze che potranno poi essere condivise sul sito.<\/p>\n\n\n\n<p>Chiunque pu\u00f2 inviare un oggetto al nostro database. Per condividere un oggetto, dovrai compilare un modulo attraverso il quale ti verr\u00e0 richiesto di condividere alcune informazioni di base su dove \u00e8 stato trovato e come \u00e8 stato utilizzato il tuo oggetto. Potrai anche aggiungere parole chiave, immagini, video o interviste di storia orale per aiutare gli altri utenti a comprendere fino in fondo il significato del tuo oggetto.<\/p>\n\n\n\n<p>Cogliamo l\u2019occasione per ringraziarti di aver utilizzato il nostro sito. Non vediamo l&#8217;ora di conoscere i tuoi oggetti e le loro storie.<\/p>\n\n\n\n<p><strong>Crediti<\/strong><\/p>\n\n\n\n<p>Questo sito \u00e8 stato creato dal Comitato Curatoriale del <a href=\"https:\/\/deindustrialization.org\/about-us\/?lang=it\" target=\"_blank\" rel=\"noreferrer noopener\">progetto Deindustrialization and the Politics of Our Time (DePOT)<\/a>. Il sito \u00e8 stato progettato da Mat3rial.<\/p>\n<\/div>\n\n\n\n<div class=\"wp-block-column is-vertically-aligned-top is-layout-flow wp-block-column-is-layout-flow\">\n<figure class=\"wp-block-image size-full\"><img decoding=\"async\" src=\"https:\/\/objects.deindustrialization.org\/wp-content\/uploads\/2022\/10\/logo.png\" alt=\"\" class=\"wp-image-15\"\/><\/figure>\n<\/div>\n<\/div>\n<\/div>\n<\/div>\n<\/div><\/div>\n","protected":false},"excerpt":{"rendered":"<p>Benvenuti a &#8220;Storie di Deindustrializzazione Attraverso gli Oggetti.&#8221; Questo sito raccoglie ed espone oggetti che raccontano gli effetti della deindustrializzazione. Utilizziamo il termine deindustrializzazione per descrivere i cambiamenti che avvengono quando le capacit\u00e0 industriali di un paese o di una regione, o il tipo di lavoro disponibile per le persone che vi abitano, cambiano in&hellip;&nbsp;<a href=\"https:\/\/objects.deindustrialization.org\/it\/\" class=\"\" rel=\"bookmark\">Leggi tutto &raquo;<span class=\"screen-reader-text\">Il progetto<\/span><\/a><\/p>\n","protected":false},"author":1,"featured_media":0,"parent":0,"menu_order":0,"comment_status":"closed","ping_status":"closed","template":"","meta":{"neve_meta_sidebar":"","neve_meta_container":"","neve_meta_enable_content_width":"off","neve_meta_content_width":100,"neve_meta_title_alignment":"","neve_meta_author_avatar":"","neve_post_elements_order":"","neve_meta_disable_header":"","neve_meta_disable_footer":"","neve_meta_disable_title":"","footnotes":""},"class_list":["post-538","page","type-page","status-publish","hentry"],"acf":[],"_links":{"self":[{"href":"https:\/\/objects.deindustrialization.org\/it\/wp-json\/wp\/v2\/pages\/538","targetHints":{"allow":["GET"]}}],"collection":[{"href":"https:\/\/objects.deindustrialization.org\/it\/wp-json\/wp\/v2\/pages"}],"about":[{"href":"https:\/\/objects.deindustrialization.org\/it\/wp-json\/wp\/v2\/types\/page"}],"author":[{"embeddable":true,"href":"https:\/\/objects.deindustrialization.org\/it\/wp-json\/wp\/v2\/users\/1"}],"replies":[{"embeddable":true,"href":"https:\/\/objects.deindustrialization.org\/it\/wp-json\/wp\/v2\/comments?post=538"}],"version-history":[{"count":5,"href":"https:\/\/objects.deindustrialization.org\/it\/wp-json\/wp\/v2\/pages\/538\/revisions"}],"predecessor-version":[{"id":678,"href":"https:\/\/objects.deindustrialization.org\/it\/wp-json\/wp\/v2\/pages\/538\/revisions\/678"}],"wp:attachment":[{"href":"https:\/\/objects.deindustrialization.org\/it\/wp-json\/wp\/v2\/media?parent=538"}],"curies":[{"name":"wp","href":"https:\/\/api.w.org\/{rel}","templated":true}]}}