{"id":636,"date":"2022-11-01T19:34:36","date_gmt":"2022-11-01T19:34:36","guid":{"rendered":"https:\/\/objects.deindustrialization.org\/contribute\/"},"modified":"2024-05-06T19:20:50","modified_gmt":"2024-05-06T19:20:50","slug":"contribute","status":"publish","type":"page","link":"https:\/\/objects.deindustrialization.org\/it\/contribute\/","title":{"rendered":"Storie di Deindustrializzazione Attraverso gli Oggetti \u2013 Modulo di Presentazione"},"content":{"rendered":"\r\n<p>&nbsp;<\/p>\r\n<div class=\"frm_forms  with_frm_style frm_style_formidable-style\" id=\"frm_form_2_container\" data-token=\"914346d7eb7e2b99fa87f15420500854\">\n<form enctype=\"multipart\/form-data\" method=\"post\" class=\"frm-show-form  frm_pro_form \" id=\"form_objectcontribution\" data-token=\"914346d7eb7e2b99fa87f15420500854\">\n<div class=\"frm_form_fields \">\n<fieldset>\n<legend class=\"frm_screen_reader\">Object Contribution<\/legend>\r\n\r\n<div class=\"frm_fields_container\">\n<input type=\"hidden\" name=\"frm_action\" value=\"create\" \/>\n<input type=\"hidden\" name=\"form_id\" value=\"2\" \/>\n<input type=\"hidden\" name=\"frm_hide_fields_2\" id=\"frm_hide_fields_2\" value=\"\" \/>\n<input type=\"hidden\" name=\"form_key\" value=\"objectcontribution\" \/>\n<input type=\"hidden\" name=\"item_meta[0]\" value=\"\" \/>\n<input type=\"hidden\" id=\"frm_submit_entry_2\" name=\"frm_submit_entry_2\" value=\"b54b4ba18c\" \/><input type=\"hidden\" name=\"_wp_http_referer\" value=\"\/it\/wp-json\/wp\/v2\/pages\/636\" \/><div id=\"frm_field_7_container\" class=\"frm_form_field form-field  frm_required_field frm_top_container frm12 frm_first\">\r\n    <label for=\"field_mlul0\" id=\"field_mlul0_label\" class=\"frm_primary_label\">Nome\r\n        <span class=\"frm_required\" aria-hidden=\"true\">*<\/span>\r\n    <\/label>\r\n    <input type=\"text\" id=\"field_mlul0\" name=\"item_meta[7]\" value=\"\"  data-reqmsg=\"Nome cannot be blank.\" aria-required=\"true\" data-invmsg=\"Text is invalid\" aria-invalid=\"false\"   aria-describedby=\"frm_desc_field_mlul0\"\/>\r\n    <div class=\"frm_description\" id=\"frm_desc_field_mlul0\">Come si chiama il tuo oggetto? Se non ha un nome, puoi dargliene uno.<\/div>\r\n    \r\n<\/div>\n<div id=\"frm_field_11_container\" class=\"frm_form_field form-field  frm_top_container\">\r\n    <label for=\"field_kg6vm\" id=\"field_kg6vm_label\" class=\"frm_primary_label\">Parlaci di questo oggetto\r\n        <span class=\"frm_required\" aria-hidden=\"true\"><\/span>\r\n    <\/label>\r\n    <textarea name=\"item_meta[11]\" id=\"field_kg6vm\" rows=\"6\"  data-invmsg=\"Parlaci di questo oggetto is invalid\" aria-invalid=\"false\"   aria-describedby=\"frm_desc_field_kg6vm\"><\/textarea>\r\n    <div class=\"frm_description\" id=\"frm_desc_field_kg6vm\">Perch\u00e9 \u00e8 importante per te? A cosa serve o \u00e8 servito questo oggetto? Cosa vuoi condividere a riguardo?<\/div>\r\n    \r\n<\/div>\n<div id=\"frm_field_9_container\" class=\"frm_form_field form-field  frm_top_container frm12  frm6 frm_first vertical_radio\">\r\n    <div  id=\"field_ukf9j_label\" class=\"frm_primary_label\">Da dove proviene questo oggetto? \r\n        <span class=\"frm_required\" aria-hidden=\"true\"><\/span>\r\n    <\/div>\r\n    <div class=\"frm_opt_container\" aria-labelledby=\"field_ukf9j_label\" role=\"group\">\t\t<div class=\"frm_catlevel_1\">\t\t<div class=\"frm_checkbox\" id=\"frm_checkbox_9-244\">\n\t\t\t<label for=\"field_9-244\"><input type=\"checkbox\" name=\"item_meta[9][]\" id=\"field_9-244\" value=\"244\"  data-invmsg=\"Da dove proviene questo oggetto?  is invalid\" aria-invalid=\"false\"   \/>Africa<\/label>\n<\/div><\/div>\n\t\t<div class=\"frm_catlevel_1\">\t\t<div class=\"frm_checkbox\" id=\"frm_checkbox_9-250\">\n\t\t\t<label for=\"field_9-250\"><input type=\"checkbox\" name=\"item_meta[9][]\" id=\"field_9-250\" value=\"250\"  data-invmsg=\"Da dove proviene questo oggetto?  is invalid\" aria-invalid=\"false\"   \/>Altro<\/label>\n<\/div><\/div>\n\t\t<div class=\"frm_catlevel_1\">\t\t<div class=\"frm_checkbox\" id=\"frm_checkbox_9-246\">\n\t\t\t<label for=\"field_9-246\"><input type=\"checkbox\" name=\"item_meta[9][]\" id=\"field_9-246\" value=\"246\"  data-invmsg=\"Da dove proviene questo oggetto?  is invalid\" aria-invalid=\"false\"   \/>America Centrale<\/label>\n<\/div><\/div>\n\t\t<div class=\"frm_catlevel_1\">\t\t<div class=\"frm_checkbox\" id=\"frm_checkbox_9-245\">\n\t\t\t<label for=\"field_9-245\"><input type=\"checkbox\" name=\"item_meta[9][]\" id=\"field_9-245\" value=\"245\"  data-invmsg=\"Da dove proviene questo oggetto?  is invalid\" aria-invalid=\"false\"   \/>Asia<\/label>\n<\/div><\/div>\n\t\t<div class=\"frm_catlevel_1\">\t\t<div class=\"frm_checkbox\" id=\"frm_checkbox_9-247\">\n\t\t\t<label for=\"field_9-247\"><input type=\"checkbox\" name=\"item_meta[9][]\" id=\"field_9-247\" value=\"247\"  data-invmsg=\"Da dove proviene questo oggetto?  is invalid\" aria-invalid=\"false\"   \/>Europa<\/label>\n<\/div><\/div>\n\t\t<div class=\"frm_catlevel_1\">\t\t<div class=\"frm_checkbox\" id=\"frm_checkbox_9-208\">\n\t\t\t<label for=\"field_9-208\"><input type=\"checkbox\" name=\"item_meta[9][]\" id=\"field_9-208\" value=\"208\"  data-invmsg=\"Da dove proviene questo oggetto?  is invalid\" aria-invalid=\"false\"   \/>Nord America<\/label>\n<\/div><\/div>\n\t\t<div class=\"frm_catlevel_1\">\t\t<div class=\"frm_checkbox\" id=\"frm_checkbox_9-248\">\n\t\t\t<label for=\"field_9-248\"><input type=\"checkbox\" name=\"item_meta[9][]\" id=\"field_9-248\" value=\"248\"  data-invmsg=\"Da dove proviene questo oggetto?  is invalid\" aria-invalid=\"false\"   \/>Oceania<\/label>\n<\/div><\/div>\n\t\t<div class=\"frm_catlevel_1\">\t\t<div class=\"frm_checkbox\" id=\"frm_checkbox_9-249\">\n\t\t\t<label for=\"field_9-249\"><input type=\"checkbox\" name=\"item_meta[9][]\" id=\"field_9-249\" value=\"249\"  data-invmsg=\"Da dove proviene questo oggetto?  is invalid\" aria-invalid=\"false\"   \/>Sud America<\/label>\n<\/div><\/div>\n<\/div>\r\n    \r\n    \r\n<\/div>\n<div id=\"frm_field_12_container\" class=\"frm_form_field form-field  frm_top_container frm_half\">\r\n    <label for=\"field_54yos\" id=\"field_54yos_label\" class=\"frm_primary_label\">Opzionale: Se vuoi essere pi\u00f9 specifico, scrivi la tua risposta qui: \r\n        <span class=\"frm_required\" aria-hidden=\"true\"><\/span>\r\n    <\/label>\r\n    <input type=\"text\" id=\"field_54yos\" name=\"item_meta[12]\" value=\"\"  data-invmsg=\"Text is invalid\" aria-invalid=\"false\"  \/>\r\n    \r\n    \r\n<\/div>\n<div id=\"frm_field_8_container\" class=\"frm_form_field form-field  frm_top_container frm6 frm_first vertical_radio\">\r\n    <div  id=\"field_q7ml4_label\" class=\"frm_primary_label\">Contesto Industriale \r\n        <span class=\"frm_required\" aria-hidden=\"true\"><\/span>\r\n    <\/div>\r\n    <div class=\"frm_opt_container\" aria-labelledby=\"field_q7ml4_label\" role=\"group\">\t\t<div class=\"frm_catlevel_1\">\t\t<div class=\"frm_checkbox\" id=\"frm_checkbox_8-188\">\n\t\t\t<label for=\"field_8-188\"><input type=\"checkbox\" name=\"item_meta[8][]\" id=\"field_8-188\" value=\"188\"  data-invmsg=\"Contesto Industriale  is invalid\" aria-invalid=\"false\"   \/>Agricoltura e Produzione Alimentare<\/label>\n<\/div><\/div>\n\t\t<div class=\"frm_catlevel_1\">\t\t<div class=\"frm_checkbox\" id=\"frm_checkbox_8-190\">\n\t\t\t<label for=\"field_8-190\"><input type=\"checkbox\" name=\"item_meta[8][]\" id=\"field_8-190\" value=\"190\"  data-invmsg=\"Contesto Industriale  is invalid\" aria-invalid=\"false\"   \/>Chimica<\/label>\n<\/div><\/div>\n\t\t<div class=\"frm_catlevel_1\">\t\t<div class=\"frm_checkbox\" id=\"frm_checkbox_8-200\">\n\t\t\t<label for=\"field_8-200\"><input type=\"checkbox\" name=\"item_meta[8][]\" id=\"field_8-200\" value=\"200\"  data-invmsg=\"Contesto Industriale  is invalid\" aria-invalid=\"false\"   \/>Costruzione Navale<\/label>\n<\/div><\/div>\n\t\t<div class=\"frm_catlevel_1\">\t\t<div class=\"frm_checkbox\" id=\"frm_checkbox_8-191\">\n\t\t\t<label for=\"field_8-191\"><input type=\"checkbox\" name=\"item_meta[8][]\" id=\"field_8-191\" value=\"191\"  data-invmsg=\"Contesto Industriale  is invalid\" aria-invalid=\"false\"   \/>Edilizia<\/label>\n<\/div><\/div>\n\t\t<div class=\"frm_catlevel_1\">\t\t<div class=\"frm_checkbox\" id=\"frm_checkbox_8-192\">\n\t\t\t<label for=\"field_8-192\"><input type=\"checkbox\" name=\"item_meta[8][]\" id=\"field_8-192\" value=\"192\"  data-invmsg=\"Contesto Industriale  is invalid\" aria-invalid=\"false\"   \/>Energia, Petrolio e Gas<\/label>\n<\/div><\/div>\n\t\t<div class=\"frm_catlevel_1\">\t\t<div class=\"frm_checkbox\" id=\"frm_checkbox_8-197\">\n\t\t\t<label for=\"field_8-197\"><input type=\"checkbox\" name=\"item_meta[8][]\" id=\"field_8-197\" value=\"197\"  data-invmsg=\"Contesto Industriale  is invalid\" aria-invalid=\"false\"   \/>Estrazione Mineraria<\/label>\n<\/div><\/div>\n\t\t<div class=\"frm_catlevel_1\">\t\t<div class=\"frm_checkbox\" id=\"frm_checkbox_8-189\">\n\t\t\t<label for=\"field_8-189\"><input type=\"checkbox\" name=\"item_meta[8][]\" id=\"field_8-189\" value=\"189\"  data-invmsg=\"Contesto Industriale  is invalid\" aria-invalid=\"false\"   \/>Industria Automobilistica e dei Trasporti<\/label>\n<\/div><\/div>\n\t\t<div class=\"frm_catlevel_1\">\t\t<div class=\"frm_checkbox\" id=\"frm_checkbox_8-195\">\n\t\t\t<label for=\"field_8-195\"><input type=\"checkbox\" name=\"item_meta[8][]\" id=\"field_8-195\" value=\"195\"  data-invmsg=\"Contesto Industriale  is invalid\" aria-invalid=\"false\"   \/>Lavorazione di Ferro e Acciaio<\/label>\n<\/div><\/div>\n\t\t<div class=\"frm_catlevel_1\">\t\t<div class=\"frm_checkbox\" id=\"frm_checkbox_8-196\">\n\t\t\t<label for=\"field_8-196\"><input type=\"checkbox\" name=\"item_meta[8][]\" id=\"field_8-196\" value=\"196\"  data-invmsg=\"Contesto Industriale  is invalid\" aria-invalid=\"false\"   \/>Manifattura<\/label>\n<\/div><\/div>\n\t\t<div class=\"frm_catlevel_1\">\t\t<div class=\"frm_checkbox\" id=\"frm_checkbox_8-198\">\n\t\t\t<label for=\"field_8-198\"><input type=\"checkbox\" name=\"item_meta[8][]\" id=\"field_8-198\" value=\"198\"  data-invmsg=\"Contesto Industriale  is invalid\" aria-invalid=\"false\"   \/>Non correlato a un settore industriale<\/label>\n<\/div><\/div>\n\t\t<div class=\"frm_catlevel_1\">\t\t<div class=\"frm_checkbox\" id=\"frm_checkbox_8-193\">\n\t\t\t<label for=\"field_8-193\"><input type=\"checkbox\" name=\"item_meta[8][]\" id=\"field_8-193\" value=\"193\"  data-invmsg=\"Contesto Industriale  is invalid\" aria-invalid=\"false\"   \/>Pesca<\/label>\n<\/div><\/div>\n\t\t<div class=\"frm_catlevel_1\">\t\t<div class=\"frm_checkbox\" id=\"frm_checkbox_8-199\">\n\t\t\t<label for=\"field_8-199\"><input type=\"checkbox\" name=\"item_meta[8][]\" id=\"field_8-199\" value=\"199\"  data-invmsg=\"Contesto Industriale  is invalid\" aria-invalid=\"false\"   \/>Servizi e Settore della Vendita al Dettaglio<\/label>\n<\/div><\/div>\n\t\t<div class=\"frm_catlevel_1\">\t\t<div class=\"frm_checkbox\" id=\"frm_checkbox_8-194\">\n\t\t\t<label for=\"field_8-194\"><input type=\"checkbox\" name=\"item_meta[8][]\" id=\"field_8-194\" value=\"194\"  data-invmsg=\"Contesto Industriale  is invalid\" aria-invalid=\"false\"   \/>Silvicoltura<\/label>\n<\/div><\/div>\n\t\t<div class=\"frm_catlevel_1\">\t\t<div class=\"frm_checkbox\" id=\"frm_checkbox_8-201\">\n\t\t\t<label for=\"field_8-201\"><input type=\"checkbox\" name=\"item_meta[8][]\" id=\"field_8-201\" value=\"201\"  data-invmsg=\"Contesto Industriale  is invalid\" aria-invalid=\"false\"   \/>Tessile<\/label>\n<\/div><\/div>\n<\/div>\r\n    \r\n    \r\n<\/div>\n<div id=\"frm_field_14_container\" class=\"frm_form_field form-field  frm_top_container frm12  frm6\">\r\n    <label for=\"field_bvmub\" id=\"field_bvmub_label\" class=\"frm_primary_label\">Altro\r\n        <span class=\"frm_required\" aria-hidden=\"true\"><\/span>\r\n    <\/label>\r\n    <input type=\"text\" id=\"field_bvmub\" name=\"item_meta[14]\" value=\"\"  data-invmsg=\"Text is invalid\" aria-invalid=\"false\"  \/>\r\n    \r\n    \r\n<\/div>\n<div id=\"frm_field_24_container\" class=\"frm_form_field form-field  frm_top_container\">\r\n    <label for=\"field_b9f7g\" id=\"field_b9f7g_label\" class=\"frm_primary_label\">Parole chiave\r\n        <span class=\"frm_required\" aria-hidden=\"true\"><\/span>\r\n    <\/label>\r\n    <input type=\"text\" id=\"field_b9f7g\" name=\"item_meta[24]\" value=\"\"  data-invmsg=\"Parole chiave is invalid\" aria-invalid=\"false\"   aria-describedby=\"frm_desc_field_b9f7g\"\/>\r\n    <div class=\"frm_description\" id=\"frm_desc_field_b9f7g\">Aggiungi alcune parole o hashtag per dirci qualcosa che non hai potuto comunicare nelle altre risposte (Ad esempio, potresti descrivere un cartello utilizzato durante una protesta per la chiusura di una miniera di carbone attraverso le seguenti parole chiave: sciopero, protesta, Bochum, Germania, estrazione mineraria, carbone, Zeche Constantin, carta...)<\/div>\r\n    \r\n<\/div>\n<div id=\"frm_field_18_container\" class=\"frm_form_field form-field  frm_top_container\">\r\n    <label for=\"field_5t4pr\" id=\"field_5t4pr_label\" class=\"frm_primary_label\">A chi appartiene questo oggetto? Fa parte di una collezione museale, ti appartiene, appartiene a qualcuno che conosci...? \r\n        <span class=\"frm_required\" aria-hidden=\"true\"><\/span>\r\n    <\/label>\r\n    <textarea name=\"item_meta[18]\" id=\"field_5t4pr\" rows=\"5\"  data-invmsg=\"Paragraph is invalid\" aria-invalid=\"false\"   aria-describedby=\"frm_desc_field_5t4pr\"><\/textarea>\r\n    <div class=\"frm_description\" id=\"frm_desc_field_5t4pr\">Se questo oggetto fa parte di una collezione museale, riporta il link alla fine della tua risposta.<\/div>\r\n    \r\n<\/div>\n<div id=\"frm_field_19_container\" class=\"frm_form_field form-field  frm_top_container\">\r\n    <label for=\"field_sg0s8\" id=\"field_sg0s8_label\" class=\"frm_primary_label\">Caricamento dell\u2019immagine \r\n        <span class=\"frm_required\" aria-hidden=\"true\"><\/span>\r\n    <\/label>\r\n    <input type=\"hidden\"  data-invmsg=\"File Upload is invalid\" aria-invalid=\"false\"   name=\"item_meta[19][]\"  value=\"\" data-frmfile=\"19\" \/>\n\n<div class=\"frm_dropzone frm_multi_upload frm_clearfix\" id=\"file19_dropzone\" role=\"group\" >\n\t<div class=\"fallback\">\n\t\t<input type=\"file\" name=\"file19[]\" id=\"field_sg0s8\"\n\t\t\t data-frmfile=\"19\" multiple=\"multiple\"  data-invmsg=\"File Upload is invalid\" aria-invalid=\"false\"  \t\t\t\/>\n\t\t\t\t<div class=\"frm_clearfix \"><\/div>\n\t<\/div>\n\t<div class=\"dz-message needsclick\">\n\t\t\t\t<svg  viewBox=\"0 0 18 18\" class=\"frmsvg frm-svg-icon\">\n\t<path viewBox=\"0 0 18 18\" fill-rule=\"evenodd\" clip-rule=\"evenodd\" d=\"M8.2 4v8a.8.8 0 001.5 0V4l2.1 2.2A.7.7 0 1013 5L9.5 1.7a.7.7 0 00-1.1 0L5.1 5.2a.8.8 0 001 1l2.1-2zm7.6 4.3c.4 0 .7.3.7.7v6.8c0 .4-.3.7-.8.7H2.3a.8.8 0 01-.8-.8V9A.8.8 0 013 9v6h12V9c0-.4.3-.8.8-.8z\"><\/path>\n<\/svg>\t\t<span class=\"frm_upload_text\"><button type=\"button\" aria-label=\"Caricamento dell\u2019immagine . Drop a file here or click to upload. Dimensione massima del file: 516MB\">Drop a file here or click to upload<\/button><\/span>\n\t\t<span class=\"frm_compact_text\"><button type=\"button\" aria-label=\"Caricamento dell\u2019immagine . Choose File. Dimensione massima del file: 516MB\">Choose File<\/button><\/span>\n\t\t<div class=\"frm_small_text\">\n\t\t\t<p>Dimensione massima del file: 516MB<\/p>\n\t\t<\/div>\n\t<\/div>\n<\/div>\n\t\r\n    \r\n    \r\n<\/div>\n<div id=\"frm_field_23_container\" class=\"frm_form_field form-field  frm_top_container\">\r\n    <label for=\"field_cfty8\" id=\"field_cfty8_label\" class=\"frm_primary_label\">Materiale aggiuntivo\r\n        <span class=\"frm_required\" aria-hidden=\"true\"><\/span>\r\n    <\/label>\r\n    <textarea name=\"item_meta[23]\" id=\"field_cfty8\" rows=\"5\"  data-invmsg=\"Paragraph is invalid\" aria-invalid=\"false\"   aria-describedby=\"frm_desc_field_cfty8\"><\/textarea>\r\n    <div class=\"frm_description\" id=\"frm_desc_field_cfty8\">Hai del materiale aggiuntivo che desideri condividere sulla storia del tuo oggetto? (es. video di YouTube, link a siti web, gallerie di immagini, voci di catalogo, materiale di storia orale...)<\/div>\r\n    \r\n<\/div>\n<div id=\"frm_field_29_container\" class=\"frm_form_field frm_section_heading form-field  frm12 frm_first\">\r\n<h3 class=\"frm_pos_top frm_section_spacing\">Informazioni personali e consenso al trattamento dati <\/h3>\r\n\r\n\r\n<div id=\"frm_field_27_container\" class=\"frm_form_field form-field  frm_top_container frm6 frm_first\">\r\n\t<label for=\"field_5suui\" id=\"field_5suui_label\" class=\"frm_primary_label\">Nome \r\n\t\t<span class=\"frm_required\" aria-hidden=\"true\"><\/span>\r\n\t<\/label>\r\n\t<input type=\"text\" id=\"field_5suui\" name=\"item_meta[27]\" value=\"\"  data-sectionid=\"29\" data-invmsg=\"Nome  is invalid\" aria-invalid=\"false\"   aria-describedby=\"frm_desc_field_5suui\"\/>\r\n\t<div class=\"frm_description\" id=\"frm_desc_field_5suui\">Quale nome desideri che appaia sulla pagina dell'oggetto sul sito web? Puoi usare il tuo nome, le iniziali, uno pseudonimo o lasciare lo spazio in bianco. <\/div>\r\n\t\r\n<\/div>\n<div id=\"frm_field_28_container\" class=\"frm_form_field form-field  frm_top_container frm6\">\r\n\t<label for=\"field_wfh3s\" id=\"field_wfh3s_label\" class=\"frm_primary_label\">Email \r\n\t\t<span class=\"frm_required\" aria-hidden=\"true\"><\/span>\r\n\t<\/label>\r\n\t<input type=\"text\" id=\"field_wfh3s\" name=\"item_meta[28]\" value=\"\"  data-invmsg=\"Email  is invalid\" aria-invalid=\"false\"   aria-describedby=\"frm_desc_field_wfh3s\"\/>\r\n\t<div class=\"frm_description\" id=\"frm_desc_field_wfh3s\">A quale indirizzo email potrebbe rivolgersi DePOT se avesse domande sulle informazioni da te fornite? Il tuo indirizzo email non verr\u00e0 reso pubblico. <\/div>\r\n\t\r\n<\/div>\n<div id=\"frm_field_33_container\" class=\"frm_form_field  frm_html_container form-field\"><strong>Attraverso il presente documento, dichiari di aver preso visione e accettare i seguenti punti: <\/strong><\/p>\n<ul>\n<li>Possiedi il copyright della fotografia che stai caricando e che essa non viola alcuna legge e\/o restrizione di copyright. <\/li>\n<li>Conservi il copyright dell'immagine; DePOT non ha diritti esclusivi sulle fotografie presentate. <\/li>\n<li>Se altre persone appaiono nella fotografia, sei responsabile del fatto che la fotografia non violi i loro diritti alla privacy e alla divulgazione d\u2019immagine. Ci\u00f2 significa che hai ottenuto il consenso di tutte le persone eventualmente presenti fotografia prima di caricarla. <\/li>\n<li>Accetti di consentire agli utenti del sito web di utilizzare l'oggetto che hai presentato insieme alle informazioni nel modulo dell'oggetto come parte di attivit\u00e0 educative e di ricerca. <\/li>\n<li>Accetti che il personale DePOT possa contattarti nel caso dovessero emergere domande relative alle informazioni da te presentate. <\/li>\n<li>Il tuo indirizzo email non verr\u00e0 condiviso o utilizzato per altri scopi.   <\/li>\n<\/ul>\n<\/div>\n<div id=\"frm_field_32_container\" class=\"frm_form_field form-field  frm_top_container vertical_radio\">\r\n\t<div  id=\"field_a8lle_label\" class=\"frm_primary_label\">\r\n\t\t<span class=\"frm_required\" aria-hidden=\"true\"><\/span>\r\n\t<\/div>\r\n\t<div class=\"frm_opt_container\" aria-labelledby=\"field_a8lle_label\" role=\"group\">\t\t<div class=\"frm_checkbox\" id=\"frm_checkbox_32-29-0\">\t\t\t<label  for=\"field_a8lle-0\">\n\t\t\t<input type=\"checkbox\" name=\"item_meta[32][]\" id=\"field_a8lle-0\" value=\"I agree\"  data-sectionid=\"29\" data-invmsg=\"This field is invalid\" aria-invalid=\"false\"   \/> Accetto <\/label><\/div>\n\t\t<div class=\"frm_checkbox\" id=\"frm_checkbox_32-29-1\">\t\t\t<label  for=\"field_a8lle-1\">\n\t\t\t<input type=\"checkbox\" name=\"item_meta[32][]\" id=\"field_a8lle-1\" value=\"I do not agree\"  data-sectionid=\"29\" data-invmsg=\"This field is invalid\" aria-invalid=\"false\"   \/> Non accetto <\/label><\/div>\n<\/div>\r\n\t\r\n\t\r\n<\/div>\n<\/div>\n<div id=\"frm_field_34_container\" class=\"frm_form_field  frm_html_container form-field\">Per qualsiasi domanda o preoccupazione, non esitare a contattarci all'indirizzo <a href=\"mailto:deindustrialization@concordia.ca\">deindustrialization@concordia<\/a>.ca. <br \/>Grazie per il tuo contributo!<\/div>\n<div id=\"frm_field_16_container\" class=\"frm_form_field form-field  frm_none_container\">\r\n    <label for=\"g-recaptcha-response\" id=\"field_6hi97_label\" class=\"frm_primary_label\">Captcha\r\n        <span class=\"frm_required\" aria-hidden=\"true\"><\/span>\r\n    <\/label>\r\n    \r\n    \r\n    \r\n<\/div>\n<div id=\"frm_field_25_container\" class=\"frm_form_field form-field \">\r\n\t<div class=\"frm_submit\">\r\n\r\n<button class=\"frm_button_submit frm_final_submit\" type=\"submit\"  >Submit<\/button>\r\n\r\n\r\n<\/div>\r\n<\/div>\n<input type=\"hidden\" name=\"item_meta[26]\" id=\"field_b53ds\" value=\"\" data-frmval=\"\"\/>\n\t<input type=\"hidden\" name=\"item_key\" value=\"\" \/>\n\t\t\t\t<div class=\"frm__6543cd92b388b\">\n\t\t\t\t<label for=\"frm_email_2\" >\n\t\t\t\t\tIf you are human, leave this field blank.\t\t\t\t<\/label>\n\t\t\t\t<input  id=\"frm_email_2\" type=\"text\" class=\"frm_verify\" name=\"frm__6543cd92b388b\" value=\"\" autocomplete=\"off\"  \/>\n\t\t\t<\/div>\n\t\t<input name=\"frm_state\" type=\"hidden\" value=\"xdmrDRaazufIuYqbLfhN5Xm015B\/zHLFU8HT7\/FZ35U=\" \/><\/div>\n<\/fieldset>\n<\/div>\n<\/form>\n<\/div>\n\r\n","protected":false},"excerpt":{"rendered":"<p>&nbsp;<\/p>\n","protected":false},"author":1,"featured_media":0,"parent":0,"menu_order":0,"comment_status":"closed","ping_status":"closed","template":"","meta":{"neve_meta_sidebar":"","neve_meta_container":"","neve_meta_enable_content_width":"off","neve_meta_content_width":100,"neve_meta_title_alignment":"","neve_meta_author_avatar":"","neve_post_elements_order":"","neve_meta_disable_header":"","neve_meta_disable_footer":"","neve_meta_disable_title":"","footnotes":""},"class_list":["post-636","page","type-page","status-publish","hentry"],"acf":[],"_links":{"self":[{"href":"https:\/\/objects.deindustrialization.org\/it\/wp-json\/wp\/v2\/pages\/636","targetHints":{"allow":["GET"]}}],"collection":[{"href":"https:\/\/objects.deindustrialization.org\/it\/wp-json\/wp\/v2\/pages"}],"about":[{"href":"https:\/\/objects.deindustrialization.org\/it\/wp-json\/wp\/v2\/types\/page"}],"author":[{"embeddable":true,"href":"https:\/\/objects.deindustrialization.org\/it\/wp-json\/wp\/v2\/users\/1"}],"replies":[{"embeddable":true,"href":"https:\/\/objects.deindustrialization.org\/it\/wp-json\/wp\/v2\/comments?post=636"}],"version-history":[{"count":1,"href":"https:\/\/objects.deindustrialization.org\/it\/wp-json\/wp\/v2\/pages\/636\/revisions"}],"predecessor-version":[{"id":637,"href":"https:\/\/objects.deindustrialization.org\/it\/wp-json\/wp\/v2\/pages\/636\/revisions\/637"}],"wp:attachment":[{"href":"https:\/\/objects.deindustrialization.org\/it\/wp-json\/wp\/v2\/media?parent=636"}],"curies":[{"name":"wp","href":"https:\/\/api.w.org\/{rel}","templated":true}]}}